{"id":1810,"date":"2024-12-02T19:03:00","date_gmt":"2024-12-02T19:03:00","guid":{"rendered":"https:\/\/ideemoto.ee\/?post_type=product&#038;p=1810"},"modified":"2024-12-09T16:47:39","modified_gmt":"2024-12-09T16:47:39","slug":"votmenagi-home-4","status":"publish","type":"product","link":"https:\/\/ideemoto.ee\/en\/product\/votmenagi-home-4\/","title":{"rendered":"Key rack Home 4"},"content":{"rendered":"","protected":false},"excerpt":{"rendered":"<p>Puitfiiberist 3D prinditud v\u00f5tmenagi. Detailil olemas kaks 3mm l\u00e4bim\u00f5\u00f5duga auku, et saaksite h\u00f5lpsasti kinnitada v\u00f5tmenagi mistahes pinna k\u00fclge. Eemaldatavad nagi konksud peidavad kinnitusaugud \u00e4ra ja j\u00e4tavad elegantse v\u00e4limuse.<br \/>\nTellimuse m\u00e4rkustesse lisada palun kirjed, mida soovite oma v\u00f5tmenagil kuvada. (<em>Maksimaalselt 6 t\u00e4hem\u00e4rki parima tulemuse saavutamiseks.)<\/em><\/p>\n<p>M\u00f5\u00f5tmed 25x7cm<\/p>\n<p><em>Komplektis sisaldub personaliseeritud nagide alusplaat ja 4 kinnituskonksu. NB! Kinnituskruvid komplektis ei sisaldu.<\/em><\/p>","protected":false},"featured_media":1835,"template":"","meta":{"_monsterinsights_skip_tracking":false,"_monsterinsights_sitenote_active":false,"_monsterinsights_sitenote_note":"","_monsterinsights_sitenote_category":0},"product_brand":[],"product_cat":[48],"product_tag":[],"class_list":{"0":"post-1810","1":"product","2":"type-product","3":"status-publish","4":"has-post-thumbnail","6":"product_cat-kodusisustus","8":"first","9":"instock","10":"taxable","11":"shipping-taxable","12":"purchasable","13":"product-type-simple"},"yoast_head":"<!-- This site is optimized with the Yoast SEO plugin v27.4 - https:\/\/yoast.com\/product\/yoast-seo-wordpress\/ -->\n<title>V\u00f5tmenagi Home 4 -<\/title>\n<meta name=\"description\" content=\"Puitfiiberist 3D prinditud v\u00f5tmenagi. Detailil olemas kaks 3mm l\u00e4bim\u00f5\u00f5duga auku, et saaksite h\u00f5lpsasti kinnitada v\u00f5tmenagi mistahes seina v\u00f5i m\u00f6\u00f6bliese k\u00fclge. Nagi konksud hiljem peidavad augud \u00e4ra.\" \/>\n<meta name=\"robots\" content=\"index, follow, max-snippet:-1, max-image-preview:large, max-video-preview:-1\" \/>\n<link rel=\"canonical\" href=\"https:\/\/ideemoto.ee\/en\/product\/votmenagi-home-4\/\" \/>\n<meta property=\"og:locale\" content=\"en_GB\" \/>\n<meta property=\"og:type\" content=\"article\" \/>\n<meta property=\"og:title\" content=\"V\u00f5tmenagi Home 4 -\" \/>\n<meta property=\"og:description\" content=\"Puitfiiberist 3D prinditud v\u00f5tmenagi. Detailil olemas kaks 3mm l\u00e4bim\u00f5\u00f5duga auku, et saaksite h\u00f5lpsasti kinnitada v\u00f5tmenagi mistahes seina v\u00f5i m\u00f6\u00f6bliese k\u00fclge. Nagi konksud hiljem peidavad augud \u00e4ra.\" \/>\n<meta property=\"og:url\" content=\"https:\/\/ideemoto.ee\/en\/product\/votmenagi-home-4\/\" \/>\n<meta property=\"article:publisher\" content=\"https:\/\/www.facebook.com\/Ideeorav\/?locale=fa_IR\" \/>\n<meta property=\"article:modified_time\" content=\"2024-12-09T16:47:39+00:00\" \/>\n<meta property=\"og:image\" content=\"https:\/\/ideemoto.ee\/wp-content\/uploads\/2024\/12\/IMG_4942.jpg\" \/>\n\t<meta property=\"og:image:width\" content=\"400\" \/>\n\t<meta property=\"og:image:height\" content=\"400\" \/>\n\t<meta property=\"og:image:type\" content=\"image\/jpeg\" \/>\n<meta name=\"twitter:card\" content=\"summary_large_image\" \/>\n<meta name=\"twitter:label1\" content=\"Estimated reading time\" \/>\n\t<meta name=\"twitter:data1\" content=\"1 minute\" \/>\n<script type=\"application\/ld+json\" class=\"yoast-schema-graph\">{\"@context\":\"https:\\\/\\\/schema.org\",\"@graph\":[{\"@type\":\"WebPage\",\"@id\":\"https:\\\/\\\/ideemoto.ee\\\/product\\\/votmenagi-home-4\\\/\",\"url\":\"https:\\\/\\\/ideemoto.ee\\\/product\\\/votmenagi-home-4\\\/\",\"name\":\"V\u00f5tmenagi Home 4 -\",\"isPartOf\":{\"@id\":\"https:\\\/\\\/ideemoto.ee\\\/#website\"},\"primaryImageOfPage\":{\"@id\":\"https:\\\/\\\/ideemoto.ee\\\/product\\\/votmenagi-home-4\\\/#primaryimage\"},\"image\":{\"@id\":\"https:\\\/\\\/ideemoto.ee\\\/product\\\/votmenagi-home-4\\\/#primaryimage\"},\"thumbnailUrl\":\"https:\\\/\\\/ideemoto.ee\\\/wp-content\\\/uploads\\\/2024\\\/12\\\/IMG_4942.jpg\",\"datePublished\":\"2024-12-02T19:03:00+00:00\",\"dateModified\":\"2024-12-09T16:47:39+00:00\",\"description\":\"Puitfiiberist 3D prinditud v\u00f5tmenagi. Detailil olemas kaks 3mm l\u00e4bim\u00f5\u00f5duga auku, et saaksite h\u00f5lpsasti kinnitada v\u00f5tmenagi mistahes seina v\u00f5i m\u00f6\u00f6bliese k\u00fclge. Nagi konksud hiljem peidavad augud \u00e4ra.\",\"breadcrumb\":{\"@id\":\"https:\\\/\\\/ideemoto.ee\\\/product\\\/votmenagi-home-4\\\/#breadcrumb\"},\"inLanguage\":\"en-GB\",\"potentialAction\":[{\"@type\":\"ReadAction\",\"target\":[\"https:\\\/\\\/ideemoto.ee\\\/product\\\/votmenagi-home-4\\\/\"]}]},{\"@type\":\"ImageObject\",\"inLanguage\":\"en-GB\",\"@id\":\"https:\\\/\\\/ideemoto.ee\\\/product\\\/votmenagi-home-4\\\/#primaryimage\",\"url\":\"https:\\\/\\\/ideemoto.ee\\\/wp-content\\\/uploads\\\/2024\\\/12\\\/IMG_4942.jpg\",\"contentUrl\":\"https:\\\/\\\/ideemoto.ee\\\/wp-content\\\/uploads\\\/2024\\\/12\\\/IMG_4942.jpg\",\"width\":400,\"height\":400},{\"@type\":\"BreadcrumbList\",\"@id\":\"https:\\\/\\\/ideemoto.ee\\\/product\\\/votmenagi-home-4\\\/#breadcrumb\",\"itemListElement\":[{\"@type\":\"ListItem\",\"position\":1,\"name\":\"Home\",\"item\":\"https:\\\/\\\/ideemoto.ee\\\/\"},{\"@type\":\"ListItem\",\"position\":2,\"name\":\"E-Pood\",\"item\":\"https:\\\/\\\/ideemoto.ee\\\/e-pood\\\/\"},{\"@type\":\"ListItem\",\"position\":3,\"name\":\"V\u00f5tmenagi Home 4\"}]},{\"@type\":\"WebSite\",\"@id\":\"https:\\\/\\\/ideemoto.ee\\\/#website\",\"url\":\"https:\\\/\\\/ideemoto.ee\\\/\",\"name\":\"i3digit Printimine\",\"description\":\"T&auml;psus ja kiirus kolmes m&otilde;&otilde;tmes\",\"publisher\":{\"@id\":\"https:\\\/\\\/ideemoto.ee\\\/#organization\"},\"potentialAction\":[{\"@type\":\"SearchAction\",\"target\":{\"@type\":\"EntryPoint\",\"urlTemplate\":\"https:\\\/\\\/ideemoto.ee\\\/?s={search_term_string}\"},\"query-input\":{\"@type\":\"PropertyValueSpecification\",\"valueRequired\":true,\"valueName\":\"search_term_string\"}}],\"inLanguage\":\"en-GB\"},{\"@type\":\"Organization\",\"@id\":\"https:\\\/\\\/ideemoto.ee\\\/#organization\",\"name\":\"i3Digit\",\"url\":\"https:\\\/\\\/ideemoto.ee\\\/\",\"logo\":{\"@type\":\"ImageObject\",\"inLanguage\":\"en-GB\",\"@id\":\"https:\\\/\\\/ideemoto.ee\\\/#\\\/schema\\\/logo\\\/image\\\/\",\"url\":\"https:\\\/\\\/ideemoto.ee\\\/wp-content\\\/uploads\\\/2024\\\/11\\\/Ideemoto_ver_2_DaBlue_Logo_Only_SMALL.png\",\"contentUrl\":\"https:\\\/\\\/ideemoto.ee\\\/wp-content\\\/uploads\\\/2024\\\/11\\\/Ideemoto_ver_2_DaBlue_Logo_Only_SMALL.png\",\"width\":200,\"height\":168,\"caption\":\"i3Digit\"},\"image\":{\"@id\":\"https:\\\/\\\/ideemoto.ee\\\/#\\\/schema\\\/logo\\\/image\\\/\"},\"sameAs\":[\"https:\\\/\\\/www.facebook.com\\\/Ideeorav\\\/?locale=fa_IR\",\"https:\\\/\\\/www.instagram.com\\\/i3digit\\\/\"]}]}<\/script>\n<!-- \/ Yoast SEO plugin. -->","yoast_head_json":{"title":"V\u00f5tmenagi Home 4 -","description":"Puitfiiberist 3D prinditud v\u00f5tmenagi. Detailil olemas kaks 3mm l\u00e4bim\u00f5\u00f5duga auku, et saaksite h\u00f5lpsasti kinnitada v\u00f5tmenagi mistahes seina v\u00f5i m\u00f6\u00f6bliese k\u00fclge. Nagi konksud hiljem peidavad augud \u00e4ra.","robots":{"index":"index","follow":"follow","max-snippet":"max-snippet:-1","max-image-preview":"max-image-preview:large","max-video-preview":"max-video-preview:-1"},"canonical":"https:\/\/ideemoto.ee\/en\/product\/votmenagi-home-4\/","og_locale":"en_GB","og_type":"article","og_title":"V\u00f5tmenagi Home 4 -","og_description":"Puitfiiberist 3D prinditud v\u00f5tmenagi. Detailil olemas kaks 3mm l\u00e4bim\u00f5\u00f5duga auku, et saaksite h\u00f5lpsasti kinnitada v\u00f5tmenagi mistahes seina v\u00f5i m\u00f6\u00f6bliese k\u00fclge. Nagi konksud hiljem peidavad augud \u00e4ra.","og_url":"https:\/\/ideemoto.ee\/en\/product\/votmenagi-home-4\/","article_publisher":"https:\/\/www.facebook.com\/Ideeorav\/?locale=fa_IR","article_modified_time":"2024-12-09T16:47:39+00:00","og_image":[{"width":400,"height":400,"url":"https:\/\/ideemoto.ee\/wp-content\/uploads\/2024\/12\/IMG_4942.jpg","type":"image\/jpeg"}],"twitter_card":"summary_large_image","twitter_misc":{"Estimated reading time":"1 minute"},"schema":{"@context":"https:\/\/schema.org","@graph":[{"@type":"WebPage","@id":"https:\/\/ideemoto.ee\/product\/votmenagi-home-4\/","url":"https:\/\/ideemoto.ee\/product\/votmenagi-home-4\/","name":"V\u00f5tmenagi Home 4 -","isPartOf":{"@id":"https:\/\/ideemoto.ee\/#website"},"primaryImageOfPage":{"@id":"https:\/\/ideemoto.ee\/product\/votmenagi-home-4\/#primaryimage"},"image":{"@id":"https:\/\/ideemoto.ee\/product\/votmenagi-home-4\/#primaryimage"},"thumbnailUrl":"https:\/\/ideemoto.ee\/wp-content\/uploads\/2024\/12\/IMG_4942.jpg","datePublished":"2024-12-02T19:03:00+00:00","dateModified":"2024-12-09T16:47:39+00:00","description":"Puitfiiberist 3D prinditud v\u00f5tmenagi. Detailil olemas kaks 3mm l\u00e4bim\u00f5\u00f5duga auku, et saaksite h\u00f5lpsasti kinnitada v\u00f5tmenagi mistahes seina v\u00f5i m\u00f6\u00f6bliese k\u00fclge. Nagi konksud hiljem peidavad augud \u00e4ra.","breadcrumb":{"@id":"https:\/\/ideemoto.ee\/product\/votmenagi-home-4\/#breadcrumb"},"inLanguage":"en-GB","potentialAction":[{"@type":"ReadAction","target":["https:\/\/ideemoto.ee\/product\/votmenagi-home-4\/"]}]},{"@type":"ImageObject","inLanguage":"en-GB","@id":"https:\/\/ideemoto.ee\/product\/votmenagi-home-4\/#primaryimage","url":"https:\/\/ideemoto.ee\/wp-content\/uploads\/2024\/12\/IMG_4942.jpg","contentUrl":"https:\/\/ideemoto.ee\/wp-content\/uploads\/2024\/12\/IMG_4942.jpg","width":400,"height":400},{"@type":"BreadcrumbList","@id":"https:\/\/ideemoto.ee\/product\/votmenagi-home-4\/#breadcrumb","itemListElement":[{"@type":"ListItem","position":1,"name":"Home","item":"https:\/\/ideemoto.ee\/"},{"@type":"ListItem","position":2,"name":"E-Pood","item":"https:\/\/ideemoto.ee\/e-pood\/"},{"@type":"ListItem","position":3,"name":"V\u00f5tmenagi Home 4"}]},{"@type":"WebSite","@id":"https:\/\/ideemoto.ee\/#website","url":"https:\/\/ideemoto.ee\/","name":"i3digit Printimine","description":"T&auml;psus ja kiirus kolmes m&otilde;&otilde;tmes","publisher":{"@id":"https:\/\/ideemoto.ee\/#organization"},"potentialAction":[{"@type":"SearchAction","target":{"@type":"EntryPoint","urlTemplate":"https:\/\/ideemoto.ee\/?s={search_term_string}"},"query-input":{"@type":"PropertyValueSpecification","valueRequired":true,"valueName":"search_term_string"}}],"inLanguage":"en-GB"},{"@type":"Organization","@id":"https:\/\/ideemoto.ee\/#organization","name":"i3Digit","url":"https:\/\/ideemoto.ee\/","logo":{"@type":"ImageObject","inLanguage":"en-GB","@id":"https:\/\/ideemoto.ee\/#\/schema\/logo\/image\/","url":"https:\/\/ideemoto.ee\/wp-content\/uploads\/2024\/11\/Ideemoto_ver_2_DaBlue_Logo_Only_SMALL.png","contentUrl":"https:\/\/ideemoto.ee\/wp-content\/uploads\/2024\/11\/Ideemoto_ver_2_DaBlue_Logo_Only_SMALL.png","width":200,"height":168,"caption":"i3Digit"},"image":{"@id":"https:\/\/ideemoto.ee\/#\/schema\/logo\/image\/"},"sameAs":["https:\/\/www.facebook.com\/Ideeorav\/?locale=fa_IR","https:\/\/www.instagram.com\/i3digit\/"]}]}},"_links":{"self":[{"href":"https:\/\/ideemoto.ee\/en\/wp-json\/wp\/v2\/product\/1810","targetHints":{"allow":["GET"]}}],"collection":[{"href":"https:\/\/ideemoto.ee\/en\/wp-json\/wp\/v2\/product"}],"about":[{"href":"https:\/\/ideemoto.ee\/en\/wp-json\/wp\/v2\/types\/product"}],"wp:featuredmedia":[{"embeddable":true,"href":"https:\/\/ideemoto.ee\/en\/wp-json\/wp\/v2\/media\/1835"}],"wp:attachment":[{"href":"https:\/\/ideemoto.ee\/en\/wp-json\/wp\/v2\/media?parent=1810"}],"wp:term":[{"taxonomy":"product_brand","embeddable":true,"href":"https:\/\/ideemoto.ee\/en\/wp-json\/wp\/v2\/product_brand?post=1810"},{"taxonomy":"product_cat","embeddable":true,"href":"https:\/\/ideemoto.ee\/en\/wp-json\/wp\/v2\/product_cat?post=1810"},{"taxonomy":"product_tag","embeddable":true,"href":"https:\/\/ideemoto.ee\/en\/wp-json\/wp\/v2\/product_tag?post=1810"}],"curies":[{"name":"wp","href":"https:\/\/api.w.org\/{rel}","templated":true}]}}