{"id":1892,"date":"2025-02-10T18:55:44","date_gmt":"2025-02-10T18:55:44","guid":{"rendered":"https:\/\/ideemoto.ee\/?post_type=product&#038;p=1892"},"modified":"2025-02-10T18:56:36","modified_gmt":"2025-02-10T18:56:36","slug":"votmehoidja-liiklusmark-4x4","status":"publish","type":"product","link":"https:\/\/ideemoto.ee\/en\/product\/votmehoidja-liiklusmark-4x4\/","title":{"rendered":"V\u00f5tmehoidja &#8211; liiklusm\u00e4rk 4&#215;4"},"content":{"rendered":"","protected":false},"excerpt":{"rendered":"<p>3D-Prinditud v\u00f5tmehoidja liiklusm\u00e4rk &#8220;4&#215;4&#8221;!<\/p>\n<p>V\u00f5tmehoidjaga tuleb kaasa 20mm l\u00e4bim\u00f5\u00f5duga metallist r\u00f5ngas, et saaksite h\u00f5lpsasti koheselt v\u00f5tmehoidja v\u00f5tmete k\u00fclge lisada.<\/p>\n<p>Suurus &#8211; 4.0 cm<\/p>\n<p>&nbsp;<\/p>","protected":false},"featured_media":1880,"template":"","meta":{"_monsterinsights_skip_tracking":false,"_monsterinsights_sitenote_active":false,"_monsterinsights_sitenote_note":"","_monsterinsights_sitenote_category":0},"product_brand":[],"product_cat":[52,31],"product_tag":[65,58,66,32],"class_list":{"0":"post-1892","1":"product","2":"type-product","3":"status-publish","4":"has-post-thumbnail","6":"product_cat-liiklusmargid","7":"product_cat-votmehoidjad","8":"product_tag-4x4","9":"product_tag-liiklusmark","10":"product_tag-offroad","11":"product_tag-votmehoidja","13":"first","14":"instock","15":"taxable","16":"shipping-taxable","17":"purchasable","18":"product-type-simple"},"yoast_head":"<!-- This site is optimized with the Yoast SEO plugin v27.4 - https:\/\/yoast.com\/product\/yoast-seo-wordpress\/ -->\n<title>V\u00f5tmehoidja - liiklusm\u00e4rk 4x4 -<\/title>\n<meta name=\"robots\" content=\"index, follow, max-snippet:-1, max-image-preview:large, max-video-preview:-1\" \/>\n<link rel=\"canonical\" href=\"https:\/\/ideemoto.ee\/en\/product\/votmehoidja-liiklusmark-4x4\/\" \/>\n<meta property=\"og:locale\" content=\"en_GB\" \/>\n<meta property=\"og:type\" content=\"article\" \/>\n<meta property=\"og:title\" content=\"V\u00f5tmehoidja - liiklusm\u00e4rk 4x4 -\" \/>\n<meta property=\"og:description\" content=\"3D-Prinditud v\u00f5tmehoidja liiklusm\u00e4rk &quot;4x4&quot;!  V\u00f5tmehoidjaga tuleb kaasa 20mm l\u00e4bim\u00f5\u00f5duga metallist r\u00f5ngas, et saaksite h\u00f5lpsasti koheselt v\u00f5tmehoidja v\u00f5tmete k\u00fclge lisada.  Suurus - 4.0 cm  &nbsp;\" \/>\n<meta property=\"og:url\" content=\"https:\/\/ideemoto.ee\/en\/product\/votmehoidja-liiklusmark-4x4\/\" \/>\n<meta property=\"article:publisher\" content=\"https:\/\/www.facebook.com\/Ideeorav\/?locale=fa_IR\" \/>\n<meta property=\"article:modified_time\" content=\"2025-02-10T18:56:36+00:00\" \/>\n<meta property=\"og:image\" content=\"https:\/\/ideemoto.ee\/wp-content\/uploads\/2025\/02\/4x4_OK.jpg\" \/>\n\t<meta property=\"og:image:width\" content=\"400\" \/>\n\t<meta property=\"og:image:height\" content=\"400\" \/>\n\t<meta property=\"og:image:type\" content=\"image\/jpeg\" \/>\n<meta name=\"twitter:card\" content=\"summary_large_image\" \/>\n<meta name=\"twitter:label1\" content=\"Estimated reading time\" \/>\n\t<meta name=\"twitter:data1\" content=\"1 minute\" \/>\n<script type=\"application\/ld+json\" class=\"yoast-schema-graph\">{\"@context\":\"https:\\\/\\\/schema.org\",\"@graph\":[{\"@type\":\"WebPage\",\"@id\":\"https:\\\/\\\/ideemoto.ee\\\/product\\\/votmehoidja-liiklusmark-4x4\\\/\",\"url\":\"https:\\\/\\\/ideemoto.ee\\\/product\\\/votmehoidja-liiklusmark-4x4\\\/\",\"name\":\"V\u00f5tmehoidja - liiklusm\u00e4rk 4x4 -\",\"isPartOf\":{\"@id\":\"https:\\\/\\\/ideemoto.ee\\\/#website\"},\"primaryImageOfPage\":{\"@id\":\"https:\\\/\\\/ideemoto.ee\\\/product\\\/votmehoidja-liiklusmark-4x4\\\/#primaryimage\"},\"image\":{\"@id\":\"https:\\\/\\\/ideemoto.ee\\\/product\\\/votmehoidja-liiklusmark-4x4\\\/#primaryimage\"},\"thumbnailUrl\":\"https:\\\/\\\/ideemoto.ee\\\/wp-content\\\/uploads\\\/2025\\\/02\\\/4x4_OK.jpg\",\"datePublished\":\"2025-02-10T18:55:44+00:00\",\"dateModified\":\"2025-02-10T18:56:36+00:00\",\"breadcrumb\":{\"@id\":\"https:\\\/\\\/ideemoto.ee\\\/product\\\/votmehoidja-liiklusmark-4x4\\\/#breadcrumb\"},\"inLanguage\":\"en-GB\",\"potentialAction\":[{\"@type\":\"ReadAction\",\"target\":[\"https:\\\/\\\/ideemoto.ee\\\/product\\\/votmehoidja-liiklusmark-4x4\\\/\"]}]},{\"@type\":\"ImageObject\",\"inLanguage\":\"en-GB\",\"@id\":\"https:\\\/\\\/ideemoto.ee\\\/product\\\/votmehoidja-liiklusmark-4x4\\\/#primaryimage\",\"url\":\"https:\\\/\\\/ideemoto.ee\\\/wp-content\\\/uploads\\\/2025\\\/02\\\/4x4_OK.jpg\",\"contentUrl\":\"https:\\\/\\\/ideemoto.ee\\\/wp-content\\\/uploads\\\/2025\\\/02\\\/4x4_OK.jpg\",\"width\":400,\"height\":400},{\"@type\":\"BreadcrumbList\",\"@id\":\"https:\\\/\\\/ideemoto.ee\\\/product\\\/votmehoidja-liiklusmark-4x4\\\/#breadcrumb\",\"itemListElement\":[{\"@type\":\"ListItem\",\"position\":1,\"name\":\"Home\",\"item\":\"https:\\\/\\\/ideemoto.ee\\\/\"},{\"@type\":\"ListItem\",\"position\":2,\"name\":\"E-Pood\",\"item\":\"https:\\\/\\\/ideemoto.ee\\\/e-pood\\\/\"},{\"@type\":\"ListItem\",\"position\":3,\"name\":\"V\u00f5tmehoidja &#8211; liiklusm\u00e4rk 4&#215;4\"}]},{\"@type\":\"WebSite\",\"@id\":\"https:\\\/\\\/ideemoto.ee\\\/#website\",\"url\":\"https:\\\/\\\/ideemoto.ee\\\/\",\"name\":\"i3digit Printimine\",\"description\":\"T&auml;psus ja kiirus kolmes m&otilde;&otilde;tmes\",\"publisher\":{\"@id\":\"https:\\\/\\\/ideemoto.ee\\\/#organization\"},\"potentialAction\":[{\"@type\":\"SearchAction\",\"target\":{\"@type\":\"EntryPoint\",\"urlTemplate\":\"https:\\\/\\\/ideemoto.ee\\\/?s={search_term_string}\"},\"query-input\":{\"@type\":\"PropertyValueSpecification\",\"valueRequired\":true,\"valueName\":\"search_term_string\"}}],\"inLanguage\":\"en-GB\"},{\"@type\":\"Organization\",\"@id\":\"https:\\\/\\\/ideemoto.ee\\\/#organization\",\"name\":\"i3Digit\",\"url\":\"https:\\\/\\\/ideemoto.ee\\\/\",\"logo\":{\"@type\":\"ImageObject\",\"inLanguage\":\"en-GB\",\"@id\":\"https:\\\/\\\/ideemoto.ee\\\/#\\\/schema\\\/logo\\\/image\\\/\",\"url\":\"https:\\\/\\\/ideemoto.ee\\\/wp-content\\\/uploads\\\/2024\\\/11\\\/Ideemoto_ver_2_DaBlue_Logo_Only_SMALL.png\",\"contentUrl\":\"https:\\\/\\\/ideemoto.ee\\\/wp-content\\\/uploads\\\/2024\\\/11\\\/Ideemoto_ver_2_DaBlue_Logo_Only_SMALL.png\",\"width\":200,\"height\":168,\"caption\":\"i3Digit\"},\"image\":{\"@id\":\"https:\\\/\\\/ideemoto.ee\\\/#\\\/schema\\\/logo\\\/image\\\/\"},\"sameAs\":[\"https:\\\/\\\/www.facebook.com\\\/Ideeorav\\\/?locale=fa_IR\",\"https:\\\/\\\/www.instagram.com\\\/i3digit\\\/\"]}]}<\/script>\n<!-- \/ Yoast SEO plugin. -->","yoast_head_json":{"title":"V\u00f5tmehoidja - liiklusm\u00e4rk 4x4 -","robots":{"index":"index","follow":"follow","max-snippet":"max-snippet:-1","max-image-preview":"max-image-preview:large","max-video-preview":"max-video-preview:-1"},"canonical":"https:\/\/ideemoto.ee\/en\/product\/votmehoidja-liiklusmark-4x4\/","og_locale":"en_GB","og_type":"article","og_title":"V\u00f5tmehoidja - liiklusm\u00e4rk 4x4 -","og_description":"3D-Prinditud v\u00f5tmehoidja liiklusm\u00e4rk \"4x4\"!  V\u00f5tmehoidjaga tuleb kaasa 20mm l\u00e4bim\u00f5\u00f5duga metallist r\u00f5ngas, et saaksite h\u00f5lpsasti koheselt v\u00f5tmehoidja v\u00f5tmete k\u00fclge lisada.  Suurus - 4.0 cm  &nbsp;","og_url":"https:\/\/ideemoto.ee\/en\/product\/votmehoidja-liiklusmark-4x4\/","article_publisher":"https:\/\/www.facebook.com\/Ideeorav\/?locale=fa_IR","article_modified_time":"2025-02-10T18:56:36+00:00","og_image":[{"width":400,"height":400,"url":"https:\/\/ideemoto.ee\/wp-content\/uploads\/2025\/02\/4x4_OK.jpg","type":"image\/jpeg"}],"twitter_card":"summary_large_image","twitter_misc":{"Estimated reading time":"1 minute"},"schema":{"@context":"https:\/\/schema.org","@graph":[{"@type":"WebPage","@id":"https:\/\/ideemoto.ee\/product\/votmehoidja-liiklusmark-4x4\/","url":"https:\/\/ideemoto.ee\/product\/votmehoidja-liiklusmark-4x4\/","name":"V\u00f5tmehoidja - liiklusm\u00e4rk 4x4 -","isPartOf":{"@id":"https:\/\/ideemoto.ee\/#website"},"primaryImageOfPage":{"@id":"https:\/\/ideemoto.ee\/product\/votmehoidja-liiklusmark-4x4\/#primaryimage"},"image":{"@id":"https:\/\/ideemoto.ee\/product\/votmehoidja-liiklusmark-4x4\/#primaryimage"},"thumbnailUrl":"https:\/\/ideemoto.ee\/wp-content\/uploads\/2025\/02\/4x4_OK.jpg","datePublished":"2025-02-10T18:55:44+00:00","dateModified":"2025-02-10T18:56:36+00:00","breadcrumb":{"@id":"https:\/\/ideemoto.ee\/product\/votmehoidja-liiklusmark-4x4\/#breadcrumb"},"inLanguage":"en-GB","potentialAction":[{"@type":"ReadAction","target":["https:\/\/ideemoto.ee\/product\/votmehoidja-liiklusmark-4x4\/"]}]},{"@type":"ImageObject","inLanguage":"en-GB","@id":"https:\/\/ideemoto.ee\/product\/votmehoidja-liiklusmark-4x4\/#primaryimage","url":"https:\/\/ideemoto.ee\/wp-content\/uploads\/2025\/02\/4x4_OK.jpg","contentUrl":"https:\/\/ideemoto.ee\/wp-content\/uploads\/2025\/02\/4x4_OK.jpg","width":400,"height":400},{"@type":"BreadcrumbList","@id":"https:\/\/ideemoto.ee\/product\/votmehoidja-liiklusmark-4x4\/#breadcrumb","itemListElement":[{"@type":"ListItem","position":1,"name":"Home","item":"https:\/\/ideemoto.ee\/"},{"@type":"ListItem","position":2,"name":"E-Pood","item":"https:\/\/ideemoto.ee\/e-pood\/"},{"@type":"ListItem","position":3,"name":"V\u00f5tmehoidja &#8211; liiklusm\u00e4rk 4&#215;4"}]},{"@type":"WebSite","@id":"https:\/\/ideemoto.ee\/#website","url":"https:\/\/ideemoto.ee\/","name":"i3digit Printimine","description":"T&auml;psus ja kiirus kolmes m&otilde;&otilde;tmes","publisher":{"@id":"https:\/\/ideemoto.ee\/#organization"},"potentialAction":[{"@type":"SearchAction","target":{"@type":"EntryPoint","urlTemplate":"https:\/\/ideemoto.ee\/?s={search_term_string}"},"query-input":{"@type":"PropertyValueSpecification","valueRequired":true,"valueName":"search_term_string"}}],"inLanguage":"en-GB"},{"@type":"Organization","@id":"https:\/\/ideemoto.ee\/#organization","name":"i3Digit","url":"https:\/\/ideemoto.ee\/","logo":{"@type":"ImageObject","inLanguage":"en-GB","@id":"https:\/\/ideemoto.ee\/#\/schema\/logo\/image\/","url":"https:\/\/ideemoto.ee\/wp-content\/uploads\/2024\/11\/Ideemoto_ver_2_DaBlue_Logo_Only_SMALL.png","contentUrl":"https:\/\/ideemoto.ee\/wp-content\/uploads\/2024\/11\/Ideemoto_ver_2_DaBlue_Logo_Only_SMALL.png","width":200,"height":168,"caption":"i3Digit"},"image":{"@id":"https:\/\/ideemoto.ee\/#\/schema\/logo\/image\/"},"sameAs":["https:\/\/www.facebook.com\/Ideeorav\/?locale=fa_IR","https:\/\/www.instagram.com\/i3digit\/"]}]}},"_links":{"self":[{"href":"https:\/\/ideemoto.ee\/en\/wp-json\/wp\/v2\/product\/1892","targetHints":{"allow":["GET"]}}],"collection":[{"href":"https:\/\/ideemoto.ee\/en\/wp-json\/wp\/v2\/product"}],"about":[{"href":"https:\/\/ideemoto.ee\/en\/wp-json\/wp\/v2\/types\/product"}],"wp:featuredmedia":[{"embeddable":true,"href":"https:\/\/ideemoto.ee\/en\/wp-json\/wp\/v2\/media\/1880"}],"wp:attachment":[{"href":"https:\/\/ideemoto.ee\/en\/wp-json\/wp\/v2\/media?parent=1892"}],"wp:term":[{"taxonomy":"product_brand","embeddable":true,"href":"https:\/\/ideemoto.ee\/en\/wp-json\/wp\/v2\/product_brand?post=1892"},{"taxonomy":"product_cat","embeddable":true,"href":"https:\/\/ideemoto.ee\/en\/wp-json\/wp\/v2\/product_cat?post=1892"},{"taxonomy":"product_tag","embeddable":true,"href":"https:\/\/ideemoto.ee\/en\/wp-json\/wp\/v2\/product_tag?post=1892"}],"curies":[{"name":"wp","href":"https:\/\/api.w.org\/{rel}","templated":true}]}}