{"id":1598,"date":"2024-11-03T15:04:32","date_gmt":"2024-11-03T15:04:32","guid":{"rendered":"https:\/\/ideemoto.ee\/?page_id=1598"},"modified":"2025-04-25T07:08:32","modified_gmt":"2025-04-25T07:08:32","slug":"meist","status":"publish","type":"page","link":"https:\/\/ideemoto.ee\/et\/meist\/","title":{"rendered":"Meist"},"content":{"rendered":"\n\n\t<section class=\"section dark\" id=\"section_1623458689\">\n\t\t<div class=\"section-bg fill\" >\n\t\t\t<img loading=\"lazy\" decoding=\"async\" width=\"768\" height=\"483\" src=\"https:\/\/ideemoto.ee\/wp-content\/uploads\/2024\/10\/Ideemoto_ver_2_Gray_DaBlue_Cu_Font_Blur-768x483.png\" class=\"bg attachment-medium_large size-medium_large\" alt=\"\" \/>\t\t\t\t\t\t\n\t\t\t\n\n\t\t<\/div>\n\n\t\t\n\n\t\t<div class=\"section-content relative\">\n\t\t\t\n\n\n\t\t<\/div>\n\n\t\t\n<style>\n#section_1623458689 {\n  padding-top: 30px;\n  padding-bottom: 30px;\n  min-height: 450px;\n}\n#section_1623458689 .section-bg img {\n  object-position: 50% 43%;\n}\n<\/style>\n\t<\/section>\n\t\n\n\t<section class=\"section\" id=\"section_590748592\">\n\t\t<div class=\"section-bg fill\" >\n\t\t\t\t\t\t\t\t\t\n\t\t\t\n\n\t\t<\/div>\n\n\t\t\n\n\t\t<div class=\"section-content relative\">\n\t\t\t\n\n\t<div id=\"gap-1420674701\" class=\"gap-element clearfix\" style=\"display:block; height:auto;\">\n\t\t\n<style>\n#gap-1420674701 {\n  padding-top: 30px;\n}\n<\/style>\n\t<\/div>\n\t\n\n<div class=\"row row-large\"  id=\"row-1771158959\">\n\n\n\t<div id=\"col-1269461785\" class=\"col medium-12 small-12 large-6\"  >\n\t\t\t\t<div class=\"col-inner\"  >\n\t\t\t\n\t\t\t\n\n\t<div id=\"text-2153673985\" class=\"text\">\n\t\t\n\n<h2>Miks valida Ideemoto?<\/h2>\n\t\t\n<style>\n#text-2153673985 {\n  font-size: 1.5rem;\n}\n<\/style>\n\t<\/div>\n\t\n<p>Ideemoto eesm\u00e4rk on pakkuda t\u00e4iuslikult isikup\u00e4rastatud tooteid, mis on loodud just teie soovide j\u00e4rgi kasutades selleks moodsaimat tehnoloogiat. Meie professionaalne meeskond tagab k\u00f5rgeima kvaliteedi ja p\u00fchendumuse, et pakkuda teile parimat tulemust.<\/p>\n<p>\u00a0<\/p>\n<p>Tegutseme aastast 2023 ja meie soov on erineda teistest justnimelt seet\u00f5ttu, et tuua turule rohkem v\u00f5imalusi arendada isikup\u00e4rastatud ja erilisi tooteid, mida mujalt ei leia.<\/p>\n<p>\u00a0<\/p>\n<p><strong>Teil on idee! Meie teeme Teie moto!<\/strong><\/p>\n<a href=\"https:\/\/ideemoto.ee\/#kontakt\" class=\"button primary is-outline\"  style=\"border-radius:5px;\">\n\t\t<span>V\u00f5ta \u00fchendust<\/span>\n\t<\/a>\n\n\n\n\t\t<\/div>\n\t\t\t\t\t<\/div>\n\n\t\n\n\t<div id=\"col-1171354160\" class=\"col medium-12 small-12 large-6\"  >\n\t\t\t\t<div class=\"col-inner\"  >\n\t\t\t\n\t\t\t\n\n\t<div class=\"box has-hover  hidden has-hover box-vertical box-text-bottom\" >\n\n\t\t<div class=\"box-image\" style=\"border-radius:10%;width:30%;\">\n\t\t\t\t\t\t<div class=\"\" >\n\t\t\t\t<img loading=\"lazy\" decoding=\"async\" width=\"400\" height=\"400\" src=\"https:\/\/ideemoto.ee\/wp-content\/uploads\/2025\/04\/Rainer_Tok_2.jpg\" class=\"attachment- size-\" alt=\"\" srcset=\"https:\/\/ideemoto.ee\/wp-content\/uploads\/2025\/04\/Rainer_Tok_2.jpg 400w, https:\/\/ideemoto.ee\/wp-content\/uploads\/2025\/04\/Rainer_Tok_2-300x300.jpg 300w, https:\/\/ideemoto.ee\/wp-content\/uploads\/2025\/04\/Rainer_Tok_2-150x150.jpg 150w, https:\/\/ideemoto.ee\/wp-content\/uploads\/2025\/04\/Rainer_Tok_2-12x12.jpg 12w, https:\/\/ideemoto.ee\/wp-content\/uploads\/2025\/04\/Rainer_Tok_2-100x100.jpg 100w\" sizes=\"auto, (max-width: 400px) 100vw, 400px\" \/>\t\t\t\t\t\t\t\t\t\t\t<\/div>\n\t\t\t\t\t<\/div>\n\n\t\t<div class=\"box-text text-center\" >\n\t\t\t<div class=\"box-text-inner\">\n\t\t\t\t\n\n\t<div id=\"text-530294523\" class=\"text\">\n\t\t\n\n<h3>Rainer Tok<\/h3>\n<p><strong>3D-Printimine &amp; Tootearendus<\/strong><\/p>\n<p>e-post: rainer.tok@ideemoto.ee<\/p>\n\t\t\n<style>\n#text-530294523 {\n  font-size: 1rem;\n  text-align: left;\n}\n@media (min-width:550px) {\n  #text-530294523 {\n    font-size: 1.3rem;\n  }\n}\n@media (min-width:850px) {\n  #text-530294523 {\n    font-size: 1.2rem;\n  }\n}\n<\/style>\n\t<\/div>\n\t\n\n\t\t\t<\/div>\n\t\t<\/div>\n\t<\/div>\n\t\n\t<div id=\"gap-315055804\" class=\"gap-element clearfix\" style=\"display:block; height:auto;\">\n\t\t\n<style>\n#gap-315055804 {\n  padding-top: 30px;\n}\n<\/style>\n\t<\/div>\n\t\n\n\t<div class=\"box has-hover   has-hover box-vertical box-text-bottom\" >\n\n\t\t<div class=\"box-image\" style=\"border-radius:10%;width:30%;\">\n\t\t\t\t\t\t<div class=\"\" >\n\t\t\t\t<img loading=\"lazy\" decoding=\"async\" width=\"700\" height=\"745\" src=\"https:\/\/ideemoto.ee\/wp-content\/uploads\/2024\/03\/A.Ainsar-e1710075947846.jpg\" class=\"attachment- size-\" alt=\"\" srcset=\"https:\/\/ideemoto.ee\/wp-content\/uploads\/2024\/03\/A.Ainsar-e1710075947846.jpg 700w, https:\/\/ideemoto.ee\/wp-content\/uploads\/2024\/03\/A.Ainsar-e1710075947846-600x639.jpg 600w, https:\/\/ideemoto.ee\/wp-content\/uploads\/2024\/03\/A.Ainsar-e1710075947846-282x300.jpg 282w\" sizes=\"auto, (max-width: 700px) 100vw, 700px\" \/>\t\t\t\t\t\t\t\t\t\t\t<\/div>\n\t\t\t\t\t<\/div>\n\n\t\t<div class=\"box-text text-center\" >\n\t\t\t<div class=\"box-text-inner\">\n\t\t\t\t\n\n\t<div id=\"text-635086609\" class=\"text\">\n\t\t\n\n<h3>Andr\u00e9 Ainsar<\/h3>\n<p><strong>Laserl\u00f5ikamine &amp; M\u00fc\u00fck<\/strong><\/p>\n<p>e-post: andre.ainsar@ideemoto.ee<\/p>\n\t\t\n<style>\n#text-635086609 {\n  font-size: 1rem;\n  text-align: left;\n}\n@media (min-width:550px) {\n  #text-635086609 {\n    font-size: 1.3rem;\n  }\n}\n@media (min-width:850px) {\n  #text-635086609 {\n    font-size: 1.2rem;\n  }\n}\n<\/style>\n\t<\/div>\n\t\n\n\t\t\t<\/div>\n\t\t<\/div>\n\t<\/div>\n\t\n\t<div id=\"gap-542601956\" class=\"gap-element clearfix\" style=\"display:block; height:auto;\">\n\t\t\n<style>\n#gap-542601956 {\n  padding-top: 30px;\n}\n<\/style>\n\t<\/div>\n\t\n\n\t<div class=\"box has-hover   has-hover box-vertical box-text-bottom\" >\n\n\t\t<div class=\"box-image\" style=\"border-radius:10%;width:30%;\">\n\t\t\t\t\t\t<div class=\"\" >\n\t\t\t\t<img loading=\"lazy\" decoding=\"async\" width=\"550\" height=\"550\" src=\"https:\/\/ideemoto.ee\/wp-content\/uploads\/2024\/03\/MG_Portrait-e1710180989989.jpeg\" class=\"attachment- size-\" alt=\"\" srcset=\"https:\/\/ideemoto.ee\/wp-content\/uploads\/2024\/03\/MG_Portrait-e1710180989989.jpeg 550w, https:\/\/ideemoto.ee\/wp-content\/uploads\/2024\/03\/MG_Portrait-e1710180989989-300x300.jpeg 300w, https:\/\/ideemoto.ee\/wp-content\/uploads\/2024\/03\/MG_Portrait-e1710180989989-100x100.jpeg 100w, https:\/\/ideemoto.ee\/wp-content\/uploads\/2024\/03\/MG_Portrait-e1710180989989-150x150.jpeg 150w\" sizes=\"auto, (max-width: 550px) 100vw, 550px\" \/>\t\t\t\t\t\t\t\t\t\t\t<\/div>\n\t\t\t\t\t<\/div>\n\n\t\t<div class=\"box-text text-center\" >\n\t\t\t<div class=\"box-text-inner\">\n\t\t\t\t\n\n\t<div id=\"text-3444029831\" class=\"text\">\n\t\t\n\n<h3>Mike Gross<\/h3>\n<p><strong>Joonestamine &amp; Tootearendus<\/strong><\/p>\n<p>e-post: mike.gross@ideemoto.ee<\/p>\n\t\t\n<style>\n#text-3444029831 {\n  font-size: 1rem;\n  text-align: left;\n}\n@media (min-width:550px) {\n  #text-3444029831 {\n    font-size: 1.3rem;\n  }\n}\n@media (min-width:850px) {\n  #text-3444029831 {\n    font-size: 1.2rem;\n  }\n}\n<\/style>\n\t<\/div>\n\t\n\n\t\t\t<\/div>\n\t\t<\/div>\n\t<\/div>\n\t\n\n\t\t<\/div>\n\t\t\t\t\n<style>\n#col-1171354160 > .col-inner {\n  padding: 0px 20px 0px 20px;\n}\n<\/style>\n\t<\/div>\n\n\t\n\n<\/div>\n\n\t\t<\/div>\n\n\t\t\n<style>\n#section_590748592 {\n  padding-top: 30px;\n  padding-bottom: 30px;\n}\n<\/style>\n\t<\/section>\n\t\n\n","protected":false},"excerpt":{"rendered":"","protected":false},"author":1,"featured_media":0,"parent":0,"menu_order":0,"comment_status":"closed","ping_status":"closed","template":"","meta":{"_monsterinsights_skip_tracking":false,"_monsterinsights_sitenote_active":false,"_monsterinsights_sitenote_note":"","_monsterinsights_sitenote_category":0,"footnotes":""},"class_list":["post-1598","page","type-page","status-publish","hentry"],"yoast_head":"<!-- This site is optimized with the Yoast SEO plugin v27.6 - https:\/\/yoast.com\/product\/yoast-seo-wordpress\/ -->\n<title>Ideemoto - Meist<\/title>\n<meta name=\"robots\" content=\"index, follow, max-snippet:-1, max-image-preview:large, max-video-preview:-1\" \/>\n<link rel=\"canonical\" href=\"https:\/\/ideemoto.ee\/et\/meist\/\" \/>\n<meta property=\"og:locale\" content=\"et_EE\" \/>\n<meta property=\"og:type\" content=\"article\" \/>\n<meta property=\"og:title\" content=\"Ideemoto - Meist\" \/>\n<meta property=\"og:url\" content=\"https:\/\/ideemoto.ee\/et\/meist\/\" \/>\n<meta property=\"article:publisher\" content=\"https:\/\/www.facebook.com\/Ideeorav\/?locale=fa_IR\" \/>\n<meta property=\"article:modified_time\" content=\"2025-04-25T07:08:32+00:00\" \/>\n<meta name=\"twitter:card\" content=\"summary_large_image\" \/>\n<meta name=\"twitter:label1\" content=\"Est. reading time\" \/>\n\t<meta name=\"twitter:data1\" content=\"1 minut\" \/>\n<script type=\"application\/ld+json\" class=\"yoast-schema-graph\">{\"@context\":\"https:\\\/\\\/schema.org\",\"@graph\":[{\"@type\":\"WebPage\",\"@id\":\"https:\\\/\\\/ideemoto.ee\\\/meist\\\/\",\"url\":\"https:\\\/\\\/ideemoto.ee\\\/meist\\\/\",\"name\":\"Ideemoto - Meist\",\"isPartOf\":{\"@id\":\"https:\\\/\\\/ideemoto.ee\\\/#website\"},\"datePublished\":\"2024-11-03T15:04:32+00:00\",\"dateModified\":\"2025-04-25T07:08:32+00:00\",\"breadcrumb\":{\"@id\":\"https:\\\/\\\/ideemoto.ee\\\/meist\\\/#breadcrumb\"},\"inLanguage\":\"et\",\"potentialAction\":[{\"@type\":\"ReadAction\",\"target\":[\"https:\\\/\\\/ideemoto.ee\\\/meist\\\/\"]}]},{\"@type\":\"BreadcrumbList\",\"@id\":\"https:\\\/\\\/ideemoto.ee\\\/meist\\\/#breadcrumb\",\"itemListElement\":[{\"@type\":\"ListItem\",\"position\":1,\"name\":\"Home\",\"item\":\"https:\\\/\\\/ideemoto.ee\\\/\"},{\"@type\":\"ListItem\",\"position\":2,\"name\":\"Meist\"}]},{\"@type\":\"WebSite\",\"@id\":\"https:\\\/\\\/ideemoto.ee\\\/#website\",\"url\":\"https:\\\/\\\/ideemoto.ee\\\/\",\"name\":\"i3digit Printimine\",\"description\":\"T&auml;psus ja kiirus kolmes m&otilde;&otilde;tmes\",\"publisher\":{\"@id\":\"https:\\\/\\\/ideemoto.ee\\\/#organization\"},\"potentialAction\":[{\"@type\":\"SearchAction\",\"target\":{\"@type\":\"EntryPoint\",\"urlTemplate\":\"https:\\\/\\\/ideemoto.ee\\\/?s={search_term_string}\"},\"query-input\":{\"@type\":\"PropertyValueSpecification\",\"valueRequired\":true,\"valueName\":\"search_term_string\"}}],\"inLanguage\":\"et\"},{\"@type\":\"Organization\",\"@id\":\"https:\\\/\\\/ideemoto.ee\\\/#organization\",\"name\":\"i3Digit\",\"url\":\"https:\\\/\\\/ideemoto.ee\\\/\",\"logo\":{\"@type\":\"ImageObject\",\"inLanguage\":\"et\",\"@id\":\"https:\\\/\\\/ideemoto.ee\\\/#\\\/schema\\\/logo\\\/image\\\/\",\"url\":\"https:\\\/\\\/ideemoto.ee\\\/wp-content\\\/uploads\\\/2024\\\/11\\\/Ideemoto_ver_2_DaBlue_Logo_Only_SMALL.png\",\"contentUrl\":\"https:\\\/\\\/ideemoto.ee\\\/wp-content\\\/uploads\\\/2024\\\/11\\\/Ideemoto_ver_2_DaBlue_Logo_Only_SMALL.png\",\"width\":200,\"height\":168,\"caption\":\"i3Digit\"},\"image\":{\"@id\":\"https:\\\/\\\/ideemoto.ee\\\/#\\\/schema\\\/logo\\\/image\\\/\"},\"sameAs\":[\"https:\\\/\\\/www.facebook.com\\\/Ideeorav\\\/?locale=fa_IR\",\"https:\\\/\\\/www.instagram.com\\\/i3digit\\\/\"]}]}<\/script>\n<!-- \/ Yoast SEO plugin. -->","yoast_head_json":{"title":"Ideemoto - Meist","robots":{"index":"index","follow":"follow","max-snippet":"max-snippet:-1","max-image-preview":"max-image-preview:large","max-video-preview":"max-video-preview:-1"},"canonical":"https:\/\/ideemoto.ee\/et\/meist\/","og_locale":"et_EE","og_type":"article","og_title":"Ideemoto - Meist","og_url":"https:\/\/ideemoto.ee\/et\/meist\/","article_publisher":"https:\/\/www.facebook.com\/Ideeorav\/?locale=fa_IR","article_modified_time":"2025-04-25T07:08:32+00:00","twitter_card":"summary_large_image","twitter_misc":{"Est. reading time":"1 minut"},"schema":{"@context":"https:\/\/schema.org","@graph":[{"@type":"WebPage","@id":"https:\/\/ideemoto.ee\/meist\/","url":"https:\/\/ideemoto.ee\/meist\/","name":"Ideemoto - Meist","isPartOf":{"@id":"https:\/\/ideemoto.ee\/#website"},"datePublished":"2024-11-03T15:04:32+00:00","dateModified":"2025-04-25T07:08:32+00:00","breadcrumb":{"@id":"https:\/\/ideemoto.ee\/meist\/#breadcrumb"},"inLanguage":"et","potentialAction":[{"@type":"ReadAction","target":["https:\/\/ideemoto.ee\/meist\/"]}]},{"@type":"BreadcrumbList","@id":"https:\/\/ideemoto.ee\/meist\/#breadcrumb","itemListElement":[{"@type":"ListItem","position":1,"name":"Home","item":"https:\/\/ideemoto.ee\/"},{"@type":"ListItem","position":2,"name":"Meist"}]},{"@type":"WebSite","@id":"https:\/\/ideemoto.ee\/#website","url":"https:\/\/ideemoto.ee\/","name":"i3digit Printimine","description":"T&auml;psus ja kiirus kolmes m&otilde;&otilde;tmes","publisher":{"@id":"https:\/\/ideemoto.ee\/#organization"},"potentialAction":[{"@type":"SearchAction","target":{"@type":"EntryPoint","urlTemplate":"https:\/\/ideemoto.ee\/?s={search_term_string}"},"query-input":{"@type":"PropertyValueSpecification","valueRequired":true,"valueName":"search_term_string"}}],"inLanguage":"et"},{"@type":"Organization","@id":"https:\/\/ideemoto.ee\/#organization","name":"i3Digit","url":"https:\/\/ideemoto.ee\/","logo":{"@type":"ImageObject","inLanguage":"et","@id":"https:\/\/ideemoto.ee\/#\/schema\/logo\/image\/","url":"https:\/\/ideemoto.ee\/wp-content\/uploads\/2024\/11\/Ideemoto_ver_2_DaBlue_Logo_Only_SMALL.png","contentUrl":"https:\/\/ideemoto.ee\/wp-content\/uploads\/2024\/11\/Ideemoto_ver_2_DaBlue_Logo_Only_SMALL.png","width":200,"height":168,"caption":"i3Digit"},"image":{"@id":"https:\/\/ideemoto.ee\/#\/schema\/logo\/image\/"},"sameAs":["https:\/\/www.facebook.com\/Ideeorav\/?locale=fa_IR","https:\/\/www.instagram.com\/i3digit\/"]}]}},"_links":{"self":[{"href":"https:\/\/ideemoto.ee\/et\/wp-json\/wp\/v2\/pages\/1598","targetHints":{"allow":["GET"]}}],"collection":[{"href":"https:\/\/ideemoto.ee\/et\/wp-json\/wp\/v2\/pages"}],"about":[{"href":"https:\/\/ideemoto.ee\/et\/wp-json\/wp\/v2\/types\/page"}],"author":[{"embeddable":true,"href":"https:\/\/ideemoto.ee\/et\/wp-json\/wp\/v2\/users\/1"}],"replies":[{"embeddable":true,"href":"https:\/\/ideemoto.ee\/et\/wp-json\/wp\/v2\/comments?post=1598"}],"version-history":[{"count":15,"href":"https:\/\/ideemoto.ee\/et\/wp-json\/wp\/v2\/pages\/1598\/revisions"}],"predecessor-version":[{"id":1968,"href":"https:\/\/ideemoto.ee\/et\/wp-json\/wp\/v2\/pages\/1598\/revisions\/1968"}],"wp:attachment":[{"href":"https:\/\/ideemoto.ee\/et\/wp-json\/wp\/v2\/media?parent=1598"}],"curies":[{"name":"wp","href":"https:\/\/api.w.org\/{rel}","templated":true}]}}