{"id":1825,"date":"2024-12-04T10:52:05","date_gmt":"2024-12-04T10:52:05","guid":{"rendered":"https:\/\/ideemoto.ee\/?post_type=product&#038;p=1825"},"modified":"2024-12-04T10:53:08","modified_gmt":"2024-12-04T10:53:08","slug":"votmehoidja-puzzle","status":"publish","type":"product","link":"https:\/\/ideemoto.ee\/et\/product\/votmehoidja-puzzle\/","title":{"rendered":"V\u00f5tmehoidja Puzzle"},"content":{"rendered":"","protected":false},"excerpt":{"rendered":"<p>Puitfiiberist 3D prinditud v\u00f5tmehoidja.<\/p>\n<p>Tellimuse m\u00e4rkustesse lisada palun kirjed, mida soovite oma v\u00f5tmehoidjal kuvada. (<em>Maksimaalselt 6 t\u00e4hem\u00e4rki parima tulemuse saavutamiseks.)<\/em><\/p>\n<p>Alusbaas on v\u00f5mtehoidjaga sarnane pusle t\u00fckk, millel taga on 2 kinnitusava kruvidele v\u00f5i saate selle mugavalt kahepoolse teibiga kinnitada omale sobivale pinnale.<\/p>\n<p>V\u00f5tmehoidja osale on v\u00f5imalik v\u00f5tmeid kinnitada neljast nurgast ja igale v\u00f5tmehoidjale tuleb tootega kaasa ka \u00fcks 20mm l\u00e4bim\u00f5\u00f5duga metallist r\u00f5ngas.<\/p>\n<p>&nbsp;<\/p>\n<p>Suurus: 6x6cm.<\/p>\n","protected":false},"featured_media":1823,"template":"","meta":{"_monsterinsights_skip_tracking":false,"_monsterinsights_sitenote_active":false,"_monsterinsights_sitenote_note":"","_monsterinsights_sitenote_category":0},"product_brand":[],"product_cat":[48,31],"product_tag":[51,49,50,32],"class_list":{"0":"post-1825","1":"product","2":"type-product","3":"status-publish","4":"has-post-thumbnail","6":"product_cat-kodusisustus","7":"product_cat-votmehoidjad","8":"product_tag-puitfiiber","9":"product_tag-pusle","10":"product_tag-puzzle","11":"product_tag-votmehoidja","13":"first","14":"instock","15":"taxable","16":"shipping-taxable","17":"purchasable","18":"product-type-variable"},"yoast_head":"<!-- This site is optimized with the Yoast SEO plugin v27.4 - https:\/\/yoast.com\/product\/yoast-seo-wordpress\/ -->\n<title>V\u00f5tmehoidja Puzzle -<\/title>\n<meta name=\"description\" content=\"Puitfiiberist 3D prinditud v\u00f5tmehoidja. Telli vastavalt oma soovile personaalne v\u00f5tmehoidja lisades sinna oma soovitud tekst.\" \/>\n<meta name=\"robots\" content=\"index, follow, max-snippet:-1, max-image-preview:large, max-video-preview:-1\" \/>\n<link rel=\"canonical\" href=\"https:\/\/ideemoto.ee\/et\/product\/votmehoidja-puzzle\/\" \/>\n<meta property=\"og:locale\" content=\"et_EE\" \/>\n<meta property=\"og:type\" content=\"article\" \/>\n<meta property=\"og:title\" content=\"V\u00f5tmehoidja Puzzle -\" \/>\n<meta property=\"og:description\" content=\"Puitfiiberist 3D prinditud v\u00f5tmehoidja. Telli vastavalt oma soovile personaalne v\u00f5tmehoidja lisades sinna oma soovitud tekst.\" \/>\n<meta property=\"og:url\" content=\"https:\/\/ideemoto.ee\/et\/product\/votmehoidja-puzzle\/\" \/>\n<meta property=\"article:publisher\" content=\"https:\/\/www.facebook.com\/Ideeorav\/?locale=fa_IR\" \/>\n<meta property=\"article:modified_time\" content=\"2024-12-04T10:53:08+00:00\" \/>\n<meta property=\"og:image\" content=\"https:\/\/ideemoto.ee\/wp-content\/uploads\/2024\/12\/IMG_20241204_123730430.jpg\" \/>\n\t<meta property=\"og:image:width\" content=\"400\" \/>\n\t<meta property=\"og:image:height\" content=\"400\" \/>\n\t<meta property=\"og:image:type\" content=\"image\/jpeg\" \/>\n<meta name=\"twitter:card\" content=\"summary_large_image\" \/>\n<meta name=\"twitter:label1\" content=\"Est. reading time\" \/>\n\t<meta name=\"twitter:data1\" content=\"1 minut\" \/>\n<script type=\"application\/ld+json\" class=\"yoast-schema-graph\">{\"@context\":\"https:\\\/\\\/schema.org\",\"@graph\":[{\"@type\":\"WebPage\",\"@id\":\"https:\\\/\\\/ideemoto.ee\\\/product\\\/votmehoidja-puzzle\\\/\",\"url\":\"https:\\\/\\\/ideemoto.ee\\\/product\\\/votmehoidja-puzzle\\\/\",\"name\":\"V\u00f5tmehoidja Puzzle -\",\"isPartOf\":{\"@id\":\"https:\\\/\\\/ideemoto.ee\\\/#website\"},\"primaryImageOfPage\":{\"@id\":\"https:\\\/\\\/ideemoto.ee\\\/product\\\/votmehoidja-puzzle\\\/#primaryimage\"},\"image\":{\"@id\":\"https:\\\/\\\/ideemoto.ee\\\/product\\\/votmehoidja-puzzle\\\/#primaryimage\"},\"thumbnailUrl\":\"https:\\\/\\\/ideemoto.ee\\\/wp-content\\\/uploads\\\/2024\\\/12\\\/IMG_20241204_123730430.jpg\",\"datePublished\":\"2024-12-04T10:52:05+00:00\",\"dateModified\":\"2024-12-04T10:53:08+00:00\",\"description\":\"Puitfiiberist 3D prinditud v\u00f5tmehoidja. Telli vastavalt oma soovile personaalne v\u00f5tmehoidja lisades sinna oma soovitud tekst.\",\"breadcrumb\":{\"@id\":\"https:\\\/\\\/ideemoto.ee\\\/product\\\/votmehoidja-puzzle\\\/#breadcrumb\"},\"inLanguage\":\"et\",\"potentialAction\":[{\"@type\":\"ReadAction\",\"target\":[\"https:\\\/\\\/ideemoto.ee\\\/product\\\/votmehoidja-puzzle\\\/\"]}]},{\"@type\":\"ImageObject\",\"inLanguage\":\"et\",\"@id\":\"https:\\\/\\\/ideemoto.ee\\\/product\\\/votmehoidja-puzzle\\\/#primaryimage\",\"url\":\"https:\\\/\\\/ideemoto.ee\\\/wp-content\\\/uploads\\\/2024\\\/12\\\/IMG_20241204_123730430.jpg\",\"contentUrl\":\"https:\\\/\\\/ideemoto.ee\\\/wp-content\\\/uploads\\\/2024\\\/12\\\/IMG_20241204_123730430.jpg\",\"width\":400,\"height\":400},{\"@type\":\"BreadcrumbList\",\"@id\":\"https:\\\/\\\/ideemoto.ee\\\/product\\\/votmehoidja-puzzle\\\/#breadcrumb\",\"itemListElement\":[{\"@type\":\"ListItem\",\"position\":1,\"name\":\"Home\",\"item\":\"https:\\\/\\\/ideemoto.ee\\\/\"},{\"@type\":\"ListItem\",\"position\":2,\"name\":\"E-Pood\",\"item\":\"https:\\\/\\\/ideemoto.ee\\\/e-pood\\\/\"},{\"@type\":\"ListItem\",\"position\":3,\"name\":\"V\u00f5tmehoidja Puzzle\"}]},{\"@type\":\"WebSite\",\"@id\":\"https:\\\/\\\/ideemoto.ee\\\/#website\",\"url\":\"https:\\\/\\\/ideemoto.ee\\\/\",\"name\":\"i3digit Printimine\",\"description\":\"T&auml;psus ja kiirus kolmes m&otilde;&otilde;tmes\",\"publisher\":{\"@id\":\"https:\\\/\\\/ideemoto.ee\\\/#organization\"},\"potentialAction\":[{\"@type\":\"SearchAction\",\"target\":{\"@type\":\"EntryPoint\",\"urlTemplate\":\"https:\\\/\\\/ideemoto.ee\\\/?s={search_term_string}\"},\"query-input\":{\"@type\":\"PropertyValueSpecification\",\"valueRequired\":true,\"valueName\":\"search_term_string\"}}],\"inLanguage\":\"et\"},{\"@type\":\"Organization\",\"@id\":\"https:\\\/\\\/ideemoto.ee\\\/#organization\",\"name\":\"i3Digit\",\"url\":\"https:\\\/\\\/ideemoto.ee\\\/\",\"logo\":{\"@type\":\"ImageObject\",\"inLanguage\":\"et\",\"@id\":\"https:\\\/\\\/ideemoto.ee\\\/#\\\/schema\\\/logo\\\/image\\\/\",\"url\":\"https:\\\/\\\/ideemoto.ee\\\/wp-content\\\/uploads\\\/2024\\\/11\\\/Ideemoto_ver_2_DaBlue_Logo_Only_SMALL.png\",\"contentUrl\":\"https:\\\/\\\/ideemoto.ee\\\/wp-content\\\/uploads\\\/2024\\\/11\\\/Ideemoto_ver_2_DaBlue_Logo_Only_SMALL.png\",\"width\":200,\"height\":168,\"caption\":\"i3Digit\"},\"image\":{\"@id\":\"https:\\\/\\\/ideemoto.ee\\\/#\\\/schema\\\/logo\\\/image\\\/\"},\"sameAs\":[\"https:\\\/\\\/www.facebook.com\\\/Ideeorav\\\/?locale=fa_IR\",\"https:\\\/\\\/www.instagram.com\\\/i3digit\\\/\"]}]}<\/script>\n<!-- \/ Yoast SEO plugin. -->","yoast_head_json":{"title":"V\u00f5tmehoidja Puzzle -","description":"Puitfiiberist 3D prinditud v\u00f5tmehoidja. Telli vastavalt oma soovile personaalne v\u00f5tmehoidja lisades sinna oma soovitud tekst.","robots":{"index":"index","follow":"follow","max-snippet":"max-snippet:-1","max-image-preview":"max-image-preview:large","max-video-preview":"max-video-preview:-1"},"canonical":"https:\/\/ideemoto.ee\/et\/product\/votmehoidja-puzzle\/","og_locale":"et_EE","og_type":"article","og_title":"V\u00f5tmehoidja Puzzle -","og_description":"Puitfiiberist 3D prinditud v\u00f5tmehoidja. Telli vastavalt oma soovile personaalne v\u00f5tmehoidja lisades sinna oma soovitud tekst.","og_url":"https:\/\/ideemoto.ee\/et\/product\/votmehoidja-puzzle\/","article_publisher":"https:\/\/www.facebook.com\/Ideeorav\/?locale=fa_IR","article_modified_time":"2024-12-04T10:53:08+00:00","og_image":[{"width":400,"height":400,"url":"https:\/\/ideemoto.ee\/wp-content\/uploads\/2024\/12\/IMG_20241204_123730430.jpg","type":"image\/jpeg"}],"twitter_card":"summary_large_image","twitter_misc":{"Est. reading time":"1 minut"},"schema":{"@context":"https:\/\/schema.org","@graph":[{"@type":"WebPage","@id":"https:\/\/ideemoto.ee\/product\/votmehoidja-puzzle\/","url":"https:\/\/ideemoto.ee\/product\/votmehoidja-puzzle\/","name":"V\u00f5tmehoidja Puzzle -","isPartOf":{"@id":"https:\/\/ideemoto.ee\/#website"},"primaryImageOfPage":{"@id":"https:\/\/ideemoto.ee\/product\/votmehoidja-puzzle\/#primaryimage"},"image":{"@id":"https:\/\/ideemoto.ee\/product\/votmehoidja-puzzle\/#primaryimage"},"thumbnailUrl":"https:\/\/ideemoto.ee\/wp-content\/uploads\/2024\/12\/IMG_20241204_123730430.jpg","datePublished":"2024-12-04T10:52:05+00:00","dateModified":"2024-12-04T10:53:08+00:00","description":"Puitfiiberist 3D prinditud v\u00f5tmehoidja. Telli vastavalt oma soovile personaalne v\u00f5tmehoidja lisades sinna oma soovitud tekst.","breadcrumb":{"@id":"https:\/\/ideemoto.ee\/product\/votmehoidja-puzzle\/#breadcrumb"},"inLanguage":"et","potentialAction":[{"@type":"ReadAction","target":["https:\/\/ideemoto.ee\/product\/votmehoidja-puzzle\/"]}]},{"@type":"ImageObject","inLanguage":"et","@id":"https:\/\/ideemoto.ee\/product\/votmehoidja-puzzle\/#primaryimage","url":"https:\/\/ideemoto.ee\/wp-content\/uploads\/2024\/12\/IMG_20241204_123730430.jpg","contentUrl":"https:\/\/ideemoto.ee\/wp-content\/uploads\/2024\/12\/IMG_20241204_123730430.jpg","width":400,"height":400},{"@type":"BreadcrumbList","@id":"https:\/\/ideemoto.ee\/product\/votmehoidja-puzzle\/#breadcrumb","itemListElement":[{"@type":"ListItem","position":1,"name":"Home","item":"https:\/\/ideemoto.ee\/"},{"@type":"ListItem","position":2,"name":"E-Pood","item":"https:\/\/ideemoto.ee\/e-pood\/"},{"@type":"ListItem","position":3,"name":"V\u00f5tmehoidja Puzzle"}]},{"@type":"WebSite","@id":"https:\/\/ideemoto.ee\/#website","url":"https:\/\/ideemoto.ee\/","name":"i3digit Printimine","description":"T&auml;psus ja kiirus kolmes m&otilde;&otilde;tmes","publisher":{"@id":"https:\/\/ideemoto.ee\/#organization"},"potentialAction":[{"@type":"SearchAction","target":{"@type":"EntryPoint","urlTemplate":"https:\/\/ideemoto.ee\/?s={search_term_string}"},"query-input":{"@type":"PropertyValueSpecification","valueRequired":true,"valueName":"search_term_string"}}],"inLanguage":"et"},{"@type":"Organization","@id":"https:\/\/ideemoto.ee\/#organization","name":"i3Digit","url":"https:\/\/ideemoto.ee\/","logo":{"@type":"ImageObject","inLanguage":"et","@id":"https:\/\/ideemoto.ee\/#\/schema\/logo\/image\/","url":"https:\/\/ideemoto.ee\/wp-content\/uploads\/2024\/11\/Ideemoto_ver_2_DaBlue_Logo_Only_SMALL.png","contentUrl":"https:\/\/ideemoto.ee\/wp-content\/uploads\/2024\/11\/Ideemoto_ver_2_DaBlue_Logo_Only_SMALL.png","width":200,"height":168,"caption":"i3Digit"},"image":{"@id":"https:\/\/ideemoto.ee\/#\/schema\/logo\/image\/"},"sameAs":["https:\/\/www.facebook.com\/Ideeorav\/?locale=fa_IR","https:\/\/www.instagram.com\/i3digit\/"]}]}},"_links":{"self":[{"href":"https:\/\/ideemoto.ee\/et\/wp-json\/wp\/v2\/product\/1825","targetHints":{"allow":["GET"]}}],"collection":[{"href":"https:\/\/ideemoto.ee\/et\/wp-json\/wp\/v2\/product"}],"about":[{"href":"https:\/\/ideemoto.ee\/et\/wp-json\/wp\/v2\/types\/product"}],"wp:featuredmedia":[{"embeddable":true,"href":"https:\/\/ideemoto.ee\/et\/wp-json\/wp\/v2\/media\/1823"}],"wp:attachment":[{"href":"https:\/\/ideemoto.ee\/et\/wp-json\/wp\/v2\/media?parent=1825"}],"wp:term":[{"taxonomy":"product_brand","embeddable":true,"href":"https:\/\/ideemoto.ee\/et\/wp-json\/wp\/v2\/product_brand?post=1825"},{"taxonomy":"product_cat","embeddable":true,"href":"https:\/\/ideemoto.ee\/et\/wp-json\/wp\/v2\/product_cat?post=1825"},{"taxonomy":"product_tag","embeddable":true,"href":"https:\/\/ideemoto.ee\/et\/wp-json\/wp\/v2\/product_tag?post=1825"}],"curies":[{"name":"wp","href":"https:\/\/api.w.org\/{rel}","templated":true}]}}