{"id":1932,"date":"2025-04-04T11:39:55","date_gmt":"2025-04-04T11:39:55","guid":{"rendered":"https:\/\/ideemoto.ee\/?post_type=product&#038;p=1932"},"modified":"2025-04-22T08:45:17","modified_gmt":"2025-04-22T08:45:17","slug":"seinakell-ketaspidur","status":"publish","type":"product","link":"https:\/\/ideemoto.ee\/et\/product\/seinakell-ketaspidur\/","title":{"rendered":"Seinakell Ketaspidur"},"content":{"rendered":"","protected":false},"excerpt":{"rendered":"<p><strong>Tarneaeg kuni 7 p\u00e4eva.<\/strong><\/p>\n<p>&nbsp;<\/p>\n<p>Elegantselt kujundatud seinakell &#8220;Ketaspidur&#8221;, mis \u00fchendab kaasaegset disaini, looduse ilu ja k\u00e4sit\u00f6\u00f6 viljakust. Iga kell on valminud k\u00e4sit\u00f6\u00f6na ning hoolikalt detailidele t\u00e4helepanu p\u00f6\u00f6rates.<\/p>\n<p>&nbsp;<\/p>\n<p><strong>K\u00e4sit\u00f6\u00f6na valmistatud Eestis <\/strong>: Iga meie seinakell on valminud k\u00e4sit\u00f6\u00f6na kohalike meistrite poolt, tagades ainulaadse kvaliteedi.<\/p>\n<p><strong>K\u00f5rgkvaliteetsed materjalid <\/strong>: Valmistatud kvaliteetsest kasevineerist, mis annab kellale loomuliku ja sileda pinna ning r\u00f5hutab puidu ilu.<\/p>\n<p><strong>Minimalistlik v\u00e4limus <\/strong>: Puhas joonestus ja lihtsad detailid teevad selle kella nii funktsionaalseks kui ka stiilseks.<\/p>\n<p>&nbsp;<\/p>\n<p><b>35cm suuruse<\/b> l\u00e4bim\u00f5\u00f5duga seinakell.<\/p>\n<p><strong>Kaal<\/strong>: 800g<\/p>\n<p>&nbsp;<\/p>\n<p>Tootega tuleb kaasa seinakinnitus, et h\u00f5lpsasti fikseerida seinakell kindlalt seina k\u00fclge. Seinakinnitus koosneb kahest detailist, millest \u00fcks on juba eelnevalt paigaldatud kella k\u00fclge ja teine tuleb kasutajal ise kinnitada soovitud seina. Kinnitused haakuvad omavahel lihtsalt peale libistades.<\/p>\n<p>&nbsp;<\/p>\n<p><em><strong>NB!\u00a0<\/strong>Toode ei sisalda patareid ega kinnituskruve kinnitusplaadile seina. Kinnitusplaadile sobivad <strong>kaks\u00a0kuni 3mm <\/strong>l\u00e4bim\u00f5\u00f5duga kruvi. J\u00e4medamate kruvide kasutamisel v\u00f5ib kinnitus puruneda.<\/em><\/p>\n<p>&nbsp;<\/p>\n<p><em>Fotod on illustreerivad ja tegelik toode v\u00f5ib olla erinev tingituna puidu looduslikust mustrist ja v\u00e4rvist.<\/em><\/p>\n<p>&nbsp;<\/p>\n<p><em>Kell on disainitud ja toodetud Ideeorav O\u00dc poolt!<\/em><\/p>\n","protected":false},"featured_media":1930,"template":"","meta":{"_monsterinsights_skip_tracking":false,"_monsterinsights_sitenote_active":false,"_monsterinsights_sitenote_note":"","_monsterinsights_sitenote_category":0},"product_brand":[],"product_cat":[95,48],"product_tag":[100,99,97,98,102,103,101,96],"class_list":{"0":"post-1932","1":"product","2":"type-product","3":"status-publish","4":"has-post-thumbnail","6":"product_cat-kellad","7":"product_cat-kodusisustus","8":"product_tag-aeg","9":"product_tag-ideemoto","10":"product_tag-kell","11":"product_tag-kellad","12":"product_tag-ketaspidur","13":"product_tag-moto","14":"product_tag-pidur","15":"product_tag-seinakell","17":"first","18":"onbackorder","19":"taxable","20":"shipping-taxable","21":"purchasable","22":"product-type-simple"},"yoast_head":"<!-- This site is optimized with the Yoast SEO plugin v27.4 - https:\/\/yoast.com\/product\/yoast-seo-wordpress\/ -->\n<title>Seinakell Ketaspidur -<\/title>\n<meta name=\"robots\" content=\"index, follow, max-snippet:-1, max-image-preview:large, max-video-preview:-1\" \/>\n<link rel=\"canonical\" href=\"https:\/\/ideemoto.ee\/et\/product\/seinakell-ketaspidur\/\" \/>\n<meta property=\"og:locale\" content=\"et_EE\" \/>\n<meta property=\"og:type\" content=\"article\" \/>\n<meta property=\"og:title\" content=\"Seinakell Ketaspidur -\" \/>\n<meta property=\"og:description\" content=\"Tarneaeg kuni 7 p\u00e4eva.  &nbsp;  Elegantselt kujundatud seinakell &quot;Ketaspidur&quot;, mis \u00fchendab kaasaegset disaini, looduse ilu ja k\u00e4sit\u00f6\u00f6 viljakust. Iga kell on valminud k\u00e4sit\u00f6\u00f6na ning hoolikalt detailidele t\u00e4helepanu p\u00f6\u00f6rates.  &nbsp;  K\u00e4sit\u00f6\u00f6na valmistatud Eestis : Iga meie seinakell on valminud k\u00e4sit\u00f6\u00f6na kohalike meistrite poolt, tagades ainulaadse kvaliteedi.  K\u00f5rgkvaliteetsed materjalid : Valmistatud kvaliteetsest kasevineerist, mis annab kellale loomuliku ja sileda pinna ning r\u00f5hutab puidu ilu.  Minimalistlik v\u00e4limus : Puhas joonestus ja lihtsad detailid teevad selle kella nii funktsionaalseks kui ka stiilseks.  &nbsp;  35cm suuruse l\u00e4bim\u00f5\u00f5duga seinakell.  Kaal: 800g  &nbsp;  Tootega tuleb kaasa seinakinnitus, et h\u00f5lpsasti fikseerida seinakell kindlalt seina k\u00fclge. Seinakinnitus koosneb kahest detailist, millest \u00fcks on juba eelnevalt paigaldatud kella k\u00fclge ja teine tuleb kasutajal ise kinnitada soovitud seina. Kinnitused haakuvad omavahel lihtsalt peale libistades.  &nbsp;  NB!\u00a0Toode ei sisalda patareid ega kinnituskruve kinnitusplaadile seina. Kinnitusplaadile sobivad kaks\u00a0kuni 3mm l\u00e4bim\u00f5\u00f5duga kruvi. J\u00e4medamate kruvide kasutamisel v\u00f5ib kinnitus puruneda.  &nbsp;  Fotod on illustreerivad ja tegelik toode v\u00f5ib olla erinev tingituna puidu looduslikust mustrist ja v\u00e4rvist.  &nbsp;  Kell on disainitud ja toodetud Ideeorav O\u00dc poolt!\" \/>\n<meta property=\"og:url\" content=\"https:\/\/ideemoto.ee\/et\/product\/seinakell-ketaspidur\/\" \/>\n<meta property=\"article:publisher\" content=\"https:\/\/www.facebook.com\/Ideeorav\/?locale=fa_IR\" \/>\n<meta property=\"article:modified_time\" content=\"2025-04-22T08:45:17+00:00\" \/>\n<meta property=\"og:image\" content=\"https:\/\/ideemoto.ee\/wp-content\/uploads\/2025\/04\/Ketaspidur_3D.jpg\" \/>\n\t<meta property=\"og:image:width\" content=\"400\" \/>\n\t<meta property=\"og:image:height\" content=\"400\" \/>\n\t<meta property=\"og:image:type\" content=\"image\/jpeg\" \/>\n<meta name=\"twitter:card\" content=\"summary_large_image\" \/>\n<meta name=\"twitter:label1\" content=\"Est. reading time\" \/>\n\t<meta name=\"twitter:data1\" content=\"1 minut\" \/>\n<script type=\"application\/ld+json\" class=\"yoast-schema-graph\">{\"@context\":\"https:\\\/\\\/schema.org\",\"@graph\":[{\"@type\":\"WebPage\",\"@id\":\"https:\\\/\\\/ideemoto.ee\\\/product\\\/seinakell-ketaspidur\\\/\",\"url\":\"https:\\\/\\\/ideemoto.ee\\\/product\\\/seinakell-ketaspidur\\\/\",\"name\":\"Seinakell Ketaspidur -\",\"isPartOf\":{\"@id\":\"https:\\\/\\\/ideemoto.ee\\\/#website\"},\"primaryImageOfPage\":{\"@id\":\"https:\\\/\\\/ideemoto.ee\\\/product\\\/seinakell-ketaspidur\\\/#primaryimage\"},\"image\":{\"@id\":\"https:\\\/\\\/ideemoto.ee\\\/product\\\/seinakell-ketaspidur\\\/#primaryimage\"},\"thumbnailUrl\":\"https:\\\/\\\/ideemoto.ee\\\/wp-content\\\/uploads\\\/2025\\\/04\\\/Ketaspidur_3D.jpg\",\"datePublished\":\"2025-04-04T11:39:55+00:00\",\"dateModified\":\"2025-04-22T08:45:17+00:00\",\"breadcrumb\":{\"@id\":\"https:\\\/\\\/ideemoto.ee\\\/product\\\/seinakell-ketaspidur\\\/#breadcrumb\"},\"inLanguage\":\"et\",\"potentialAction\":[{\"@type\":\"ReadAction\",\"target\":[\"https:\\\/\\\/ideemoto.ee\\\/product\\\/seinakell-ketaspidur\\\/\"]}]},{\"@type\":\"ImageObject\",\"inLanguage\":\"et\",\"@id\":\"https:\\\/\\\/ideemoto.ee\\\/product\\\/seinakell-ketaspidur\\\/#primaryimage\",\"url\":\"https:\\\/\\\/ideemoto.ee\\\/wp-content\\\/uploads\\\/2025\\\/04\\\/Ketaspidur_3D.jpg\",\"contentUrl\":\"https:\\\/\\\/ideemoto.ee\\\/wp-content\\\/uploads\\\/2025\\\/04\\\/Ketaspidur_3D.jpg\",\"width\":400,\"height\":400},{\"@type\":\"BreadcrumbList\",\"@id\":\"https:\\\/\\\/ideemoto.ee\\\/product\\\/seinakell-ketaspidur\\\/#breadcrumb\",\"itemListElement\":[{\"@type\":\"ListItem\",\"position\":1,\"name\":\"Home\",\"item\":\"https:\\\/\\\/ideemoto.ee\\\/\"},{\"@type\":\"ListItem\",\"position\":2,\"name\":\"E-Pood\",\"item\":\"https:\\\/\\\/ideemoto.ee\\\/e-pood\\\/\"},{\"@type\":\"ListItem\",\"position\":3,\"name\":\"Seinakell Ketaspidur\"}]},{\"@type\":\"WebSite\",\"@id\":\"https:\\\/\\\/ideemoto.ee\\\/#website\",\"url\":\"https:\\\/\\\/ideemoto.ee\\\/\",\"name\":\"i3digit Printimine\",\"description\":\"T&auml;psus ja kiirus kolmes m&otilde;&otilde;tmes\",\"publisher\":{\"@id\":\"https:\\\/\\\/ideemoto.ee\\\/#organization\"},\"potentialAction\":[{\"@type\":\"SearchAction\",\"target\":{\"@type\":\"EntryPoint\",\"urlTemplate\":\"https:\\\/\\\/ideemoto.ee\\\/?s={search_term_string}\"},\"query-input\":{\"@type\":\"PropertyValueSpecification\",\"valueRequired\":true,\"valueName\":\"search_term_string\"}}],\"inLanguage\":\"et\"},{\"@type\":\"Organization\",\"@id\":\"https:\\\/\\\/ideemoto.ee\\\/#organization\",\"name\":\"i3Digit\",\"url\":\"https:\\\/\\\/ideemoto.ee\\\/\",\"logo\":{\"@type\":\"ImageObject\",\"inLanguage\":\"et\",\"@id\":\"https:\\\/\\\/ideemoto.ee\\\/#\\\/schema\\\/logo\\\/image\\\/\",\"url\":\"https:\\\/\\\/ideemoto.ee\\\/wp-content\\\/uploads\\\/2024\\\/11\\\/Ideemoto_ver_2_DaBlue_Logo_Only_SMALL.png\",\"contentUrl\":\"https:\\\/\\\/ideemoto.ee\\\/wp-content\\\/uploads\\\/2024\\\/11\\\/Ideemoto_ver_2_DaBlue_Logo_Only_SMALL.png\",\"width\":200,\"height\":168,\"caption\":\"i3Digit\"},\"image\":{\"@id\":\"https:\\\/\\\/ideemoto.ee\\\/#\\\/schema\\\/logo\\\/image\\\/\"},\"sameAs\":[\"https:\\\/\\\/www.facebook.com\\\/Ideeorav\\\/?locale=fa_IR\",\"https:\\\/\\\/www.instagram.com\\\/i3digit\\\/\"]}]}<\/script>\n<!-- \/ Yoast SEO plugin. -->","yoast_head_json":{"title":"Seinakell Ketaspidur -","robots":{"index":"index","follow":"follow","max-snippet":"max-snippet:-1","max-image-preview":"max-image-preview:large","max-video-preview":"max-video-preview:-1"},"canonical":"https:\/\/ideemoto.ee\/et\/product\/seinakell-ketaspidur\/","og_locale":"et_EE","og_type":"article","og_title":"Seinakell Ketaspidur -","og_description":"Tarneaeg kuni 7 p\u00e4eva.  &nbsp;  Elegantselt kujundatud seinakell \"Ketaspidur\", mis \u00fchendab kaasaegset disaini, looduse ilu ja k\u00e4sit\u00f6\u00f6 viljakust. Iga kell on valminud k\u00e4sit\u00f6\u00f6na ning hoolikalt detailidele t\u00e4helepanu p\u00f6\u00f6rates.  &nbsp;  K\u00e4sit\u00f6\u00f6na valmistatud Eestis : Iga meie seinakell on valminud k\u00e4sit\u00f6\u00f6na kohalike meistrite poolt, tagades ainulaadse kvaliteedi.  K\u00f5rgkvaliteetsed materjalid : Valmistatud kvaliteetsest kasevineerist, mis annab kellale loomuliku ja sileda pinna ning r\u00f5hutab puidu ilu.  Minimalistlik v\u00e4limus : Puhas joonestus ja lihtsad detailid teevad selle kella nii funktsionaalseks kui ka stiilseks.  &nbsp;  35cm suuruse l\u00e4bim\u00f5\u00f5duga seinakell.  Kaal: 800g  &nbsp;  Tootega tuleb kaasa seinakinnitus, et h\u00f5lpsasti fikseerida seinakell kindlalt seina k\u00fclge. Seinakinnitus koosneb kahest detailist, millest \u00fcks on juba eelnevalt paigaldatud kella k\u00fclge ja teine tuleb kasutajal ise kinnitada soovitud seina. Kinnitused haakuvad omavahel lihtsalt peale libistades.  &nbsp;  NB!\u00a0Toode ei sisalda patareid ega kinnituskruve kinnitusplaadile seina. Kinnitusplaadile sobivad kaks\u00a0kuni 3mm l\u00e4bim\u00f5\u00f5duga kruvi. J\u00e4medamate kruvide kasutamisel v\u00f5ib kinnitus puruneda.  &nbsp;  Fotod on illustreerivad ja tegelik toode v\u00f5ib olla erinev tingituna puidu looduslikust mustrist ja v\u00e4rvist.  &nbsp;  Kell on disainitud ja toodetud Ideeorav O\u00dc poolt!","og_url":"https:\/\/ideemoto.ee\/et\/product\/seinakell-ketaspidur\/","article_publisher":"https:\/\/www.facebook.com\/Ideeorav\/?locale=fa_IR","article_modified_time":"2025-04-22T08:45:17+00:00","og_image":[{"width":400,"height":400,"url":"https:\/\/ideemoto.ee\/wp-content\/uploads\/2025\/04\/Ketaspidur_3D.jpg","type":"image\/jpeg"}],"twitter_card":"summary_large_image","twitter_misc":{"Est. reading time":"1 minut"},"schema":{"@context":"https:\/\/schema.org","@graph":[{"@type":"WebPage","@id":"https:\/\/ideemoto.ee\/product\/seinakell-ketaspidur\/","url":"https:\/\/ideemoto.ee\/product\/seinakell-ketaspidur\/","name":"Seinakell Ketaspidur -","isPartOf":{"@id":"https:\/\/ideemoto.ee\/#website"},"primaryImageOfPage":{"@id":"https:\/\/ideemoto.ee\/product\/seinakell-ketaspidur\/#primaryimage"},"image":{"@id":"https:\/\/ideemoto.ee\/product\/seinakell-ketaspidur\/#primaryimage"},"thumbnailUrl":"https:\/\/ideemoto.ee\/wp-content\/uploads\/2025\/04\/Ketaspidur_3D.jpg","datePublished":"2025-04-04T11:39:55+00:00","dateModified":"2025-04-22T08:45:17+00:00","breadcrumb":{"@id":"https:\/\/ideemoto.ee\/product\/seinakell-ketaspidur\/#breadcrumb"},"inLanguage":"et","potentialAction":[{"@type":"ReadAction","target":["https:\/\/ideemoto.ee\/product\/seinakell-ketaspidur\/"]}]},{"@type":"ImageObject","inLanguage":"et","@id":"https:\/\/ideemoto.ee\/product\/seinakell-ketaspidur\/#primaryimage","url":"https:\/\/ideemoto.ee\/wp-content\/uploads\/2025\/04\/Ketaspidur_3D.jpg","contentUrl":"https:\/\/ideemoto.ee\/wp-content\/uploads\/2025\/04\/Ketaspidur_3D.jpg","width":400,"height":400},{"@type":"BreadcrumbList","@id":"https:\/\/ideemoto.ee\/product\/seinakell-ketaspidur\/#breadcrumb","itemListElement":[{"@type":"ListItem","position":1,"name":"Home","item":"https:\/\/ideemoto.ee\/"},{"@type":"ListItem","position":2,"name":"E-Pood","item":"https:\/\/ideemoto.ee\/e-pood\/"},{"@type":"ListItem","position":3,"name":"Seinakell Ketaspidur"}]},{"@type":"WebSite","@id":"https:\/\/ideemoto.ee\/#website","url":"https:\/\/ideemoto.ee\/","name":"i3digit Printimine","description":"T&auml;psus ja kiirus kolmes m&otilde;&otilde;tmes","publisher":{"@id":"https:\/\/ideemoto.ee\/#organization"},"potentialAction":[{"@type":"SearchAction","target":{"@type":"EntryPoint","urlTemplate":"https:\/\/ideemoto.ee\/?s={search_term_string}"},"query-input":{"@type":"PropertyValueSpecification","valueRequired":true,"valueName":"search_term_string"}}],"inLanguage":"et"},{"@type":"Organization","@id":"https:\/\/ideemoto.ee\/#organization","name":"i3Digit","url":"https:\/\/ideemoto.ee\/","logo":{"@type":"ImageObject","inLanguage":"et","@id":"https:\/\/ideemoto.ee\/#\/schema\/logo\/image\/","url":"https:\/\/ideemoto.ee\/wp-content\/uploads\/2024\/11\/Ideemoto_ver_2_DaBlue_Logo_Only_SMALL.png","contentUrl":"https:\/\/ideemoto.ee\/wp-content\/uploads\/2024\/11\/Ideemoto_ver_2_DaBlue_Logo_Only_SMALL.png","width":200,"height":168,"caption":"i3Digit"},"image":{"@id":"https:\/\/ideemoto.ee\/#\/schema\/logo\/image\/"},"sameAs":["https:\/\/www.facebook.com\/Ideeorav\/?locale=fa_IR","https:\/\/www.instagram.com\/i3digit\/"]}]}},"_links":{"self":[{"href":"https:\/\/ideemoto.ee\/et\/wp-json\/wp\/v2\/product\/1932","targetHints":{"allow":["GET"]}}],"collection":[{"href":"https:\/\/ideemoto.ee\/et\/wp-json\/wp\/v2\/product"}],"about":[{"href":"https:\/\/ideemoto.ee\/et\/wp-json\/wp\/v2\/types\/product"}],"wp:featuredmedia":[{"embeddable":true,"href":"https:\/\/ideemoto.ee\/et\/wp-json\/wp\/v2\/media\/1930"}],"wp:attachment":[{"href":"https:\/\/ideemoto.ee\/et\/wp-json\/wp\/v2\/media?parent=1932"}],"wp:term":[{"taxonomy":"product_brand","embeddable":true,"href":"https:\/\/ideemoto.ee\/et\/wp-json\/wp\/v2\/product_brand?post=1932"},{"taxonomy":"product_cat","embeddable":true,"href":"https:\/\/ideemoto.ee\/et\/wp-json\/wp\/v2\/product_cat?post=1932"},{"taxonomy":"product_tag","embeddable":true,"href":"https:\/\/ideemoto.ee\/et\/wp-json\/wp\/v2\/product_tag?post=1932"}],"curies":[{"name":"wp","href":"https:\/\/api.w.org\/{rel}","templated":true}]}}