{"id":1579,"date":"2024-11-03T13:45:35","date_gmt":"2024-11-03T13:45:35","guid":{"rendered":"https:\/\/ideemoto.ee\/?post_type=product&#038;p=1579"},"modified":"2024-12-09T15:54:07","modified_gmt":"2024-12-09T15:54:07","slug":"votmehoidja-personaalne","status":"publish","type":"product","link":"https:\/\/ideemoto.ee\/ru\/product\/votmehoidja-personaalne\/","title":{"rendered":"\u0411\u0440\u0435\u043b\u043e\u043a - \u041f\u0435\u0440\u0441\u043e\u043d\u0430\u043b\u0438\u0437\u0438\u0440\u043e\u0432\u0430\u043d\u043d\u044b\u0439"},"content":{"rendered":"","protected":false},"excerpt":{"rendered":"<p>Sinu personaalne puitfiiberist 3D prinditud v\u00f5tmehoidja!<\/p>\n<p>Tellimuse m\u00e4rkustesse lisada palun kirje, mida soovite oma v\u00f5tmehoidjal kuvada. (Soovitatavalt 6 kuni 8 t\u00e4hem\u00e4rki parima tulemuse saavutamiseks. Kirje suurus s\u00f5ltub t\u00e4hem\u00e4rkide arvust, et tekst mahuks terviklikult tootele \u00e4ra.)<\/p>\n<p>V\u00f5tmehoidjaga tuleb kaasa 20mm l\u00e4bim\u00f5\u00f5duga metallist r\u00f5ngas, et saaksite h\u00f5lpsasti koheselt v\u00f5tmehoidja v\u00f5tmete k\u00fclge lisada.<\/p>\n<p>Suurus &#8211; 2,5 x 7,0 cm<\/p>\n<p>&nbsp;<\/p>","protected":false},"featured_media":1840,"template":"","meta":{"_monsterinsights_skip_tracking":false,"_monsterinsights_sitenote_active":false,"_monsterinsights_sitenote_note":"","_monsterinsights_sitenote_category":0},"product_brand":[],"product_cat":[31],"product_tag":[40,32],"class_list":{"0":"post-1579","1":"product","2":"type-product","3":"status-publish","4":"has-post-thumbnail","6":"product_cat-votmehoidjad","7":"product_tag-personaalne","8":"product_tag-votmehoidja","10":"first","11":"instock","12":"taxable","13":"shipping-taxable","14":"purchasable","15":"product-type-simple"},"yoast_head":"<!-- This site is optimized with the Yoast SEO plugin v27.4 - https:\/\/yoast.com\/product\/yoast-seo-wordpress\/ -->\n<title>V\u00f5tmehoidja - Personaalne -<\/title>\n<meta name=\"robots\" content=\"index, follow, max-snippet:-1, max-image-preview:large, max-video-preview:-1\" \/>\n<link rel=\"canonical\" href=\"https:\/\/ideemoto.ee\/ru\/product\/votmehoidja-personaalne\/\" \/>\n<meta property=\"og:locale\" content=\"ru_RU\" \/>\n<meta property=\"og:type\" content=\"article\" \/>\n<meta property=\"og:title\" content=\"V\u00f5tmehoidja - Personaalne -\" \/>\n<meta property=\"og:description\" content=\"Sinu personaalne puitfiiberist 3D prinditud v\u00f5tmehoidja!  Tellimuse m\u00e4rkustesse lisada palun kirje, mida soovite oma v\u00f5tmehoidjal kuvada. (Soovitatavalt 6 kuni 8 t\u00e4hem\u00e4rki parima tulemuse saavutamiseks. Kirje suurus s\u00f5ltub t\u00e4hem\u00e4rkide arvust, et tekst mahuks terviklikult tootele \u00e4ra.)  V\u00f5tmehoidjaga tuleb kaasa 20mm l\u00e4bim\u00f5\u00f5duga metallist r\u00f5ngas, et saaksite h\u00f5lpsasti koheselt v\u00f5tmehoidja v\u00f5tmete k\u00fclge lisada.  Suurus - 2,5 x 7,0 cm  &nbsp;\" \/>\n<meta property=\"og:url\" content=\"https:\/\/ideemoto.ee\/ru\/product\/votmehoidja-personaalne\/\" \/>\n<meta property=\"article:publisher\" content=\"https:\/\/www.facebook.com\/Ideeorav\/?locale=fa_IR\" \/>\n<meta property=\"article:modified_time\" content=\"2024-12-09T15:54:07+00:00\" \/>\n<meta property=\"og:image\" content=\"https:\/\/ideemoto.ee\/wp-content\/uploads\/2024\/12\/IMG_5035.jpg\" \/>\n\t<meta property=\"og:image:width\" content=\"400\" \/>\n\t<meta property=\"og:image:height\" content=\"400\" \/>\n\t<meta property=\"og:image:type\" content=\"image\/jpeg\" \/>\n<meta name=\"twitter:card\" content=\"summary_large_image\" \/>\n<meta name=\"twitter:label1\" content=\"\u041f\u0440\u0438\u043c\u0435\u0440\u043d\u043e\u0435 \u0432\u0440\u0435\u043c\u044f \u0434\u043b\u044f \u0447\u0442\u0435\u043d\u0438\u044f\" \/>\n\t<meta name=\"twitter:data1\" content=\"1 \u043c\u0438\u043d\u0443\u0442\u0430\" \/>\n<script type=\"application\/ld+json\" class=\"yoast-schema-graph\">{\"@context\":\"https:\\\/\\\/schema.org\",\"@graph\":[{\"@type\":\"WebPage\",\"@id\":\"https:\\\/\\\/ideemoto.ee\\\/product\\\/votmehoidja-personaalne\\\/\",\"url\":\"https:\\\/\\\/ideemoto.ee\\\/product\\\/votmehoidja-personaalne\\\/\",\"name\":\"V\u00f5tmehoidja - Personaalne -\",\"isPartOf\":{\"@id\":\"https:\\\/\\\/ideemoto.ee\\\/#website\"},\"primaryImageOfPage\":{\"@id\":\"https:\\\/\\\/ideemoto.ee\\\/product\\\/votmehoidja-personaalne\\\/#primaryimage\"},\"image\":{\"@id\":\"https:\\\/\\\/ideemoto.ee\\\/product\\\/votmehoidja-personaalne\\\/#primaryimage\"},\"thumbnailUrl\":\"https:\\\/\\\/ideemoto.ee\\\/wp-content\\\/uploads\\\/2024\\\/12\\\/IMG_5035.jpg\",\"datePublished\":\"2024-11-03T13:45:35+00:00\",\"dateModified\":\"2024-12-09T15:54:07+00:00\",\"breadcrumb\":{\"@id\":\"https:\\\/\\\/ideemoto.ee\\\/product\\\/votmehoidja-personaalne\\\/#breadcrumb\"},\"inLanguage\":\"ru-RU\",\"potentialAction\":[{\"@type\":\"ReadAction\",\"target\":[\"https:\\\/\\\/ideemoto.ee\\\/product\\\/votmehoidja-personaalne\\\/\"]}]},{\"@type\":\"ImageObject\",\"inLanguage\":\"ru-RU\",\"@id\":\"https:\\\/\\\/ideemoto.ee\\\/product\\\/votmehoidja-personaalne\\\/#primaryimage\",\"url\":\"https:\\\/\\\/ideemoto.ee\\\/wp-content\\\/uploads\\\/2024\\\/12\\\/IMG_5035.jpg\",\"contentUrl\":\"https:\\\/\\\/ideemoto.ee\\\/wp-content\\\/uploads\\\/2024\\\/12\\\/IMG_5035.jpg\",\"width\":400,\"height\":400},{\"@type\":\"BreadcrumbList\",\"@id\":\"https:\\\/\\\/ideemoto.ee\\\/product\\\/votmehoidja-personaalne\\\/#breadcrumb\",\"itemListElement\":[{\"@type\":\"ListItem\",\"position\":1,\"name\":\"Home\",\"item\":\"https:\\\/\\\/ideemoto.ee\\\/\"},{\"@type\":\"ListItem\",\"position\":2,\"name\":\"E-Pood\",\"item\":\"https:\\\/\\\/ideemoto.ee\\\/e-pood\\\/\"},{\"@type\":\"ListItem\",\"position\":3,\"name\":\"V\u00f5tmehoidja &#8211; Personaalne\"}]},{\"@type\":\"WebSite\",\"@id\":\"https:\\\/\\\/ideemoto.ee\\\/#website\",\"url\":\"https:\\\/\\\/ideemoto.ee\\\/\",\"name\":\"i3digit Printimine\",\"description\":\"T&auml;psus ja kiirus kolmes m&otilde;&otilde;tmes\",\"publisher\":{\"@id\":\"https:\\\/\\\/ideemoto.ee\\\/#organization\"},\"potentialAction\":[{\"@type\":\"SearchAction\",\"target\":{\"@type\":\"EntryPoint\",\"urlTemplate\":\"https:\\\/\\\/ideemoto.ee\\\/?s={search_term_string}\"},\"query-input\":{\"@type\":\"PropertyValueSpecification\",\"valueRequired\":true,\"valueName\":\"search_term_string\"}}],\"inLanguage\":\"ru-RU\"},{\"@type\":\"Organization\",\"@id\":\"https:\\\/\\\/ideemoto.ee\\\/#organization\",\"name\":\"i3Digit\",\"url\":\"https:\\\/\\\/ideemoto.ee\\\/\",\"logo\":{\"@type\":\"ImageObject\",\"inLanguage\":\"ru-RU\",\"@id\":\"https:\\\/\\\/ideemoto.ee\\\/#\\\/schema\\\/logo\\\/image\\\/\",\"url\":\"https:\\\/\\\/ideemoto.ee\\\/wp-content\\\/uploads\\\/2024\\\/11\\\/Ideemoto_ver_2_DaBlue_Logo_Only_SMALL.png\",\"contentUrl\":\"https:\\\/\\\/ideemoto.ee\\\/wp-content\\\/uploads\\\/2024\\\/11\\\/Ideemoto_ver_2_DaBlue_Logo_Only_SMALL.png\",\"width\":200,\"height\":168,\"caption\":\"i3Digit\"},\"image\":{\"@id\":\"https:\\\/\\\/ideemoto.ee\\\/#\\\/schema\\\/logo\\\/image\\\/\"},\"sameAs\":[\"https:\\\/\\\/www.facebook.com\\\/Ideeorav\\\/?locale=fa_IR\",\"https:\\\/\\\/www.instagram.com\\\/i3digit\\\/\"]}]}<\/script>\n<!-- \/ Yoast SEO plugin. -->","yoast_head_json":{"title":"V\u00f5tmehoidja - Personaalne -","robots":{"index":"index","follow":"follow","max-snippet":"max-snippet:-1","max-image-preview":"max-image-preview:large","max-video-preview":"max-video-preview:-1"},"canonical":"https:\/\/ideemoto.ee\/ru\/product\/votmehoidja-personaalne\/","og_locale":"ru_RU","og_type":"article","og_title":"V\u00f5tmehoidja - Personaalne -","og_description":"Sinu personaalne puitfiiberist 3D prinditud v\u00f5tmehoidja!  Tellimuse m\u00e4rkustesse lisada palun kirje, mida soovite oma v\u00f5tmehoidjal kuvada. (Soovitatavalt 6 kuni 8 t\u00e4hem\u00e4rki parima tulemuse saavutamiseks. Kirje suurus s\u00f5ltub t\u00e4hem\u00e4rkide arvust, et tekst mahuks terviklikult tootele \u00e4ra.)  V\u00f5tmehoidjaga tuleb kaasa 20mm l\u00e4bim\u00f5\u00f5duga metallist r\u00f5ngas, et saaksite h\u00f5lpsasti koheselt v\u00f5tmehoidja v\u00f5tmete k\u00fclge lisada.  Suurus - 2,5 x 7,0 cm  &nbsp;","og_url":"https:\/\/ideemoto.ee\/ru\/product\/votmehoidja-personaalne\/","article_publisher":"https:\/\/www.facebook.com\/Ideeorav\/?locale=fa_IR","article_modified_time":"2024-12-09T15:54:07+00:00","og_image":[{"width":400,"height":400,"url":"https:\/\/ideemoto.ee\/wp-content\/uploads\/2024\/12\/IMG_5035.jpg","type":"image\/jpeg"}],"twitter_card":"summary_large_image","twitter_misc":{"\u041f\u0440\u0438\u043c\u0435\u0440\u043d\u043e\u0435 \u0432\u0440\u0435\u043c\u044f \u0434\u043b\u044f \u0447\u0442\u0435\u043d\u0438\u044f":"1 \u043c\u0438\u043d\u0443\u0442\u0430"},"schema":{"@context":"https:\/\/schema.org","@graph":[{"@type":"WebPage","@id":"https:\/\/ideemoto.ee\/product\/votmehoidja-personaalne\/","url":"https:\/\/ideemoto.ee\/product\/votmehoidja-personaalne\/","name":"V\u00f5tmehoidja - Personaalne -","isPartOf":{"@id":"https:\/\/ideemoto.ee\/#website"},"primaryImageOfPage":{"@id":"https:\/\/ideemoto.ee\/product\/votmehoidja-personaalne\/#primaryimage"},"image":{"@id":"https:\/\/ideemoto.ee\/product\/votmehoidja-personaalne\/#primaryimage"},"thumbnailUrl":"https:\/\/ideemoto.ee\/wp-content\/uploads\/2024\/12\/IMG_5035.jpg","datePublished":"2024-11-03T13:45:35+00:00","dateModified":"2024-12-09T15:54:07+00:00","breadcrumb":{"@id":"https:\/\/ideemoto.ee\/product\/votmehoidja-personaalne\/#breadcrumb"},"inLanguage":"ru-RU","potentialAction":[{"@type":"ReadAction","target":["https:\/\/ideemoto.ee\/product\/votmehoidja-personaalne\/"]}]},{"@type":"ImageObject","inLanguage":"ru-RU","@id":"https:\/\/ideemoto.ee\/product\/votmehoidja-personaalne\/#primaryimage","url":"https:\/\/ideemoto.ee\/wp-content\/uploads\/2024\/12\/IMG_5035.jpg","contentUrl":"https:\/\/ideemoto.ee\/wp-content\/uploads\/2024\/12\/IMG_5035.jpg","width":400,"height":400},{"@type":"BreadcrumbList","@id":"https:\/\/ideemoto.ee\/product\/votmehoidja-personaalne\/#breadcrumb","itemListElement":[{"@type":"ListItem","position":1,"name":"Home","item":"https:\/\/ideemoto.ee\/"},{"@type":"ListItem","position":2,"name":"E-Pood","item":"https:\/\/ideemoto.ee\/e-pood\/"},{"@type":"ListItem","position":3,"name":"V\u00f5tmehoidja &#8211; Personaalne"}]},{"@type":"WebSite","@id":"https:\/\/ideemoto.ee\/#website","url":"https:\/\/ideemoto.ee\/","name":"i3digit Printimine","description":"T&auml;psus ja kiirus kolmes m&otilde;&otilde;tmes","publisher":{"@id":"https:\/\/ideemoto.ee\/#organization"},"potentialAction":[{"@type":"SearchAction","target":{"@type":"EntryPoint","urlTemplate":"https:\/\/ideemoto.ee\/?s={search_term_string}"},"query-input":{"@type":"PropertyValueSpecification","valueRequired":true,"valueName":"search_term_string"}}],"inLanguage":"ru-RU"},{"@type":"Organization","@id":"https:\/\/ideemoto.ee\/#organization","name":"i3Digit","url":"https:\/\/ideemoto.ee\/","logo":{"@type":"ImageObject","inLanguage":"ru-RU","@id":"https:\/\/ideemoto.ee\/#\/schema\/logo\/image\/","url":"https:\/\/ideemoto.ee\/wp-content\/uploads\/2024\/11\/Ideemoto_ver_2_DaBlue_Logo_Only_SMALL.png","contentUrl":"https:\/\/ideemoto.ee\/wp-content\/uploads\/2024\/11\/Ideemoto_ver_2_DaBlue_Logo_Only_SMALL.png","width":200,"height":168,"caption":"i3Digit"},"image":{"@id":"https:\/\/ideemoto.ee\/#\/schema\/logo\/image\/"},"sameAs":["https:\/\/www.facebook.com\/Ideeorav\/?locale=fa_IR","https:\/\/www.instagram.com\/i3digit\/"]}]}},"_links":{"self":[{"href":"https:\/\/ideemoto.ee\/ru\/wp-json\/wp\/v2\/product\/1579","targetHints":{"allow":["GET"]}}],"collection":[{"href":"https:\/\/ideemoto.ee\/ru\/wp-json\/wp\/v2\/product"}],"about":[{"href":"https:\/\/ideemoto.ee\/ru\/wp-json\/wp\/v2\/types\/product"}],"wp:featuredmedia":[{"embeddable":true,"href":"https:\/\/ideemoto.ee\/ru\/wp-json\/wp\/v2\/media\/1840"}],"wp:attachment":[{"href":"https:\/\/ideemoto.ee\/ru\/wp-json\/wp\/v2\/media?parent=1579"}],"wp:term":[{"taxonomy":"product_brand","embeddable":true,"href":"https:\/\/ideemoto.ee\/ru\/wp-json\/wp\/v2\/product_brand?post=1579"},{"taxonomy":"product_cat","embeddable":true,"href":"https:\/\/ideemoto.ee\/ru\/wp-json\/wp\/v2\/product_cat?post=1579"},{"taxonomy":"product_tag","embeddable":true,"href":"https:\/\/ideemoto.ee\/ru\/wp-json\/wp\/v2\/product_tag?post=1579"}],"curies":[{"name":"wp","href":"https:\/\/api.w.org\/{rel}","templated":true}]}}