{"id":1755,"date":"2024-11-14T20:51:43","date_gmt":"2024-11-14T20:51:43","guid":{"rendered":"https:\/\/ideemoto.ee\/?post_type=product&#038;p=1755"},"modified":"2024-12-06T18:31:38","modified_gmt":"2024-12-06T18:31:38","slug":"0-5l-purgi-sangar","status":"publish","type":"product","link":"https:\/\/ideemoto.ee\/ru\/product\/0-5l-purgi-sangar\/","title":{"rendered":"\u0411\u0430\u043d\u043a\u0430 0.5L \"\u0421\u0430\u043d\u0433\u0430\u0440\""},"content":{"rendered":"","protected":false},"excerpt":{"rendered":"<p>Plastikust 3D prinditud purgi hoidik sangaga.<\/p>\n<p data-animate=\"fadeIn\"><strong>Saadaval erinevate kirjetega.<\/strong><\/p>\n<p>Personaalse kirje soovi korral lisandub toote hinnale 1 euro ning selleks tuleb antud toote lisavalikust valida &#8220;Personaalne&#8221; ja j\u00e4tta makse andmete lehel tellimuse m\u00e4rkustesse soovitud kiri. <em>(Maksimaalselt 8 t\u00e4hem\u00e4rki parima tulemuse saavutamiseks).<\/em><\/p>\n<p>Hetkel saadaval vaid must-valges toonis.<\/p>\n<p>&nbsp;<\/p>\n<p>Suurus: 15x10x7cm<\/p>\n<p>&nbsp;<\/p>\n<p><em>Fotod on illustratiivsed ja tootele ei lisandu kaasa \u00fchtegi muud toodet peale 3D prinditud detaili<\/em><\/p>","protected":false},"featured_media":1753,"template":"","meta":{"_monsterinsights_skip_tracking":false,"_monsterinsights_sitenote_active":false,"_monsterinsights_sitenote_note":"","_monsterinsights_sitenote_category":0},"product_brand":[],"product_cat":[47],"product_tag":[],"class_list":{"0":"post-1755","1":"product","2":"type-product","3":"status-publish","4":"has-post-thumbnail","6":"product_cat-suveniirid","8":"first","9":"instock","10":"taxable","11":"shipping-taxable","12":"purchasable","13":"product-type-variable"},"yoast_head":"<!-- This site is optimized with the Yoast SEO plugin v27.4 - https:\/\/yoast.com\/product\/yoast-seo-wordpress\/ -->\n<title>0.5L Purgi Sangar -<\/title>\n<meta name=\"robots\" content=\"index, follow, max-snippet:-1, max-image-preview:large, max-video-preview:-1\" \/>\n<link rel=\"canonical\" href=\"https:\/\/ideemoto.ee\/ru\/product\/0-5l-purgi-sangar\/\" \/>\n<meta property=\"og:locale\" content=\"ru_RU\" \/>\n<meta property=\"og:type\" content=\"article\" \/>\n<meta property=\"og:title\" content=\"0.5L Purgi Sangar -\" \/>\n<meta property=\"og:description\" content=\"Plastikust 3D prinditud purgi hoidik sangaga. Saadaval erinevate kirjetega. Personaalse kirje soovi korral lisandub toote hinnale 1 euro ning selleks tuleb antud toote lisavalikust valida &quot;Personaalne&quot; ja j\u00e4tta makse andmete lehel tellimuse m\u00e4rkustesse soovitud kiri. (Maksimaalselt 8 t\u00e4hem\u00e4rki parima tulemuse saavutamiseks).  Hetkel saadaval vaid must-valges toonis.  &nbsp;  Suurus: 15x10x7cm  &nbsp;  Fotod on illustratiivsed ja tootele ei lisandu kaasa \u00fchtegi muud toodet peale 3D prinditud detaili\" \/>\n<meta property=\"og:url\" content=\"https:\/\/ideemoto.ee\/ru\/product\/0-5l-purgi-sangar\/\" \/>\n<meta property=\"article:publisher\" content=\"https:\/\/www.facebook.com\/Ideeorav\/?locale=fa_IR\" \/>\n<meta property=\"article:modified_time\" content=\"2024-12-06T18:31:38+00:00\" \/>\n<meta property=\"og:image\" content=\"https:\/\/ideemoto.ee\/wp-content\/uploads\/2024\/11\/IMG_20241114_183621851.jpg\" \/>\n\t<meta property=\"og:image:width\" content=\"400\" \/>\n\t<meta property=\"og:image:height\" content=\"400\" \/>\n\t<meta property=\"og:image:type\" content=\"image\/jpeg\" \/>\n<meta name=\"twitter:card\" content=\"summary_large_image\" \/>\n<meta name=\"twitter:label1\" content=\"\u041f\u0440\u0438\u043c\u0435\u0440\u043d\u043e\u0435 \u0432\u0440\u0435\u043c\u044f \u0434\u043b\u044f \u0447\u0442\u0435\u043d\u0438\u044f\" \/>\n\t<meta name=\"twitter:data1\" content=\"1 \u043c\u0438\u043d\u0443\u0442\u0430\" \/>\n<script type=\"application\/ld+json\" class=\"yoast-schema-graph\">{\"@context\":\"https:\\\/\\\/schema.org\",\"@graph\":[{\"@type\":\"WebPage\",\"@id\":\"https:\\\/\\\/ideemoto.ee\\\/product\\\/0-5l-purgi-sangar\\\/\",\"url\":\"https:\\\/\\\/ideemoto.ee\\\/product\\\/0-5l-purgi-sangar\\\/\",\"name\":\"0.5L Purgi Sangar -\",\"isPartOf\":{\"@id\":\"https:\\\/\\\/ideemoto.ee\\\/#website\"},\"primaryImageOfPage\":{\"@id\":\"https:\\\/\\\/ideemoto.ee\\\/product\\\/0-5l-purgi-sangar\\\/#primaryimage\"},\"image\":{\"@id\":\"https:\\\/\\\/ideemoto.ee\\\/product\\\/0-5l-purgi-sangar\\\/#primaryimage\"},\"thumbnailUrl\":\"https:\\\/\\\/ideemoto.ee\\\/wp-content\\\/uploads\\\/2024\\\/11\\\/IMG_20241114_183621851.jpg\",\"datePublished\":\"2024-11-14T20:51:43+00:00\",\"dateModified\":\"2024-12-06T18:31:38+00:00\",\"breadcrumb\":{\"@id\":\"https:\\\/\\\/ideemoto.ee\\\/product\\\/0-5l-purgi-sangar\\\/#breadcrumb\"},\"inLanguage\":\"ru-RU\",\"potentialAction\":[{\"@type\":\"ReadAction\",\"target\":[\"https:\\\/\\\/ideemoto.ee\\\/product\\\/0-5l-purgi-sangar\\\/\"]}]},{\"@type\":\"ImageObject\",\"inLanguage\":\"ru-RU\",\"@id\":\"https:\\\/\\\/ideemoto.ee\\\/product\\\/0-5l-purgi-sangar\\\/#primaryimage\",\"url\":\"https:\\\/\\\/ideemoto.ee\\\/wp-content\\\/uploads\\\/2024\\\/11\\\/IMG_20241114_183621851.jpg\",\"contentUrl\":\"https:\\\/\\\/ideemoto.ee\\\/wp-content\\\/uploads\\\/2024\\\/11\\\/IMG_20241114_183621851.jpg\",\"width\":400,\"height\":400},{\"@type\":\"BreadcrumbList\",\"@id\":\"https:\\\/\\\/ideemoto.ee\\\/product\\\/0-5l-purgi-sangar\\\/#breadcrumb\",\"itemListElement\":[{\"@type\":\"ListItem\",\"position\":1,\"name\":\"Home\",\"item\":\"https:\\\/\\\/ideemoto.ee\\\/\"},{\"@type\":\"ListItem\",\"position\":2,\"name\":\"E-Pood\",\"item\":\"https:\\\/\\\/ideemoto.ee\\\/e-pood\\\/\"},{\"@type\":\"ListItem\",\"position\":3,\"name\":\"0.5L Purgi Sangar\"}]},{\"@type\":\"WebSite\",\"@id\":\"https:\\\/\\\/ideemoto.ee\\\/#website\",\"url\":\"https:\\\/\\\/ideemoto.ee\\\/\",\"name\":\"i3digit Printimine\",\"description\":\"T&auml;psus ja kiirus kolmes m&otilde;&otilde;tmes\",\"publisher\":{\"@id\":\"https:\\\/\\\/ideemoto.ee\\\/#organization\"},\"potentialAction\":[{\"@type\":\"SearchAction\",\"target\":{\"@type\":\"EntryPoint\",\"urlTemplate\":\"https:\\\/\\\/ideemoto.ee\\\/?s={search_term_string}\"},\"query-input\":{\"@type\":\"PropertyValueSpecification\",\"valueRequired\":true,\"valueName\":\"search_term_string\"}}],\"inLanguage\":\"ru-RU\"},{\"@type\":\"Organization\",\"@id\":\"https:\\\/\\\/ideemoto.ee\\\/#organization\",\"name\":\"i3Digit\",\"url\":\"https:\\\/\\\/ideemoto.ee\\\/\",\"logo\":{\"@type\":\"ImageObject\",\"inLanguage\":\"ru-RU\",\"@id\":\"https:\\\/\\\/ideemoto.ee\\\/#\\\/schema\\\/logo\\\/image\\\/\",\"url\":\"https:\\\/\\\/ideemoto.ee\\\/wp-content\\\/uploads\\\/2024\\\/11\\\/Ideemoto_ver_2_DaBlue_Logo_Only_SMALL.png\",\"contentUrl\":\"https:\\\/\\\/ideemoto.ee\\\/wp-content\\\/uploads\\\/2024\\\/11\\\/Ideemoto_ver_2_DaBlue_Logo_Only_SMALL.png\",\"width\":200,\"height\":168,\"caption\":\"i3Digit\"},\"image\":{\"@id\":\"https:\\\/\\\/ideemoto.ee\\\/#\\\/schema\\\/logo\\\/image\\\/\"},\"sameAs\":[\"https:\\\/\\\/www.facebook.com\\\/Ideeorav\\\/?locale=fa_IR\",\"https:\\\/\\\/www.instagram.com\\\/i3digit\\\/\"]}]}<\/script>\n<!-- \/ Yoast SEO plugin. -->","yoast_head_json":{"title":"0.5L Purgi Sangar -","robots":{"index":"index","follow":"follow","max-snippet":"max-snippet:-1","max-image-preview":"max-image-preview:large","max-video-preview":"max-video-preview:-1"},"canonical":"https:\/\/ideemoto.ee\/ru\/product\/0-5l-purgi-sangar\/","og_locale":"ru_RU","og_type":"article","og_title":"0.5L Purgi Sangar -","og_description":"Plastikust 3D prinditud purgi hoidik sangaga. Saadaval erinevate kirjetega. Personaalse kirje soovi korral lisandub toote hinnale 1 euro ning selleks tuleb antud toote lisavalikust valida \"Personaalne\" ja j\u00e4tta makse andmete lehel tellimuse m\u00e4rkustesse soovitud kiri. (Maksimaalselt 8 t\u00e4hem\u00e4rki parima tulemuse saavutamiseks).  Hetkel saadaval vaid must-valges toonis.  &nbsp;  Suurus: 15x10x7cm  &nbsp;  Fotod on illustratiivsed ja tootele ei lisandu kaasa \u00fchtegi muud toodet peale 3D prinditud detaili","og_url":"https:\/\/ideemoto.ee\/ru\/product\/0-5l-purgi-sangar\/","article_publisher":"https:\/\/www.facebook.com\/Ideeorav\/?locale=fa_IR","article_modified_time":"2024-12-06T18:31:38+00:00","og_image":[{"width":400,"height":400,"url":"https:\/\/ideemoto.ee\/wp-content\/uploads\/2024\/11\/IMG_20241114_183621851.jpg","type":"image\/jpeg"}],"twitter_card":"summary_large_image","twitter_misc":{"\u041f\u0440\u0438\u043c\u0435\u0440\u043d\u043e\u0435 \u0432\u0440\u0435\u043c\u044f \u0434\u043b\u044f \u0447\u0442\u0435\u043d\u0438\u044f":"1 \u043c\u0438\u043d\u0443\u0442\u0430"},"schema":{"@context":"https:\/\/schema.org","@graph":[{"@type":"WebPage","@id":"https:\/\/ideemoto.ee\/product\/0-5l-purgi-sangar\/","url":"https:\/\/ideemoto.ee\/product\/0-5l-purgi-sangar\/","name":"0.5L Purgi Sangar -","isPartOf":{"@id":"https:\/\/ideemoto.ee\/#website"},"primaryImageOfPage":{"@id":"https:\/\/ideemoto.ee\/product\/0-5l-purgi-sangar\/#primaryimage"},"image":{"@id":"https:\/\/ideemoto.ee\/product\/0-5l-purgi-sangar\/#primaryimage"},"thumbnailUrl":"https:\/\/ideemoto.ee\/wp-content\/uploads\/2024\/11\/IMG_20241114_183621851.jpg","datePublished":"2024-11-14T20:51:43+00:00","dateModified":"2024-12-06T18:31:38+00:00","breadcrumb":{"@id":"https:\/\/ideemoto.ee\/product\/0-5l-purgi-sangar\/#breadcrumb"},"inLanguage":"ru-RU","potentialAction":[{"@type":"ReadAction","target":["https:\/\/ideemoto.ee\/product\/0-5l-purgi-sangar\/"]}]},{"@type":"ImageObject","inLanguage":"ru-RU","@id":"https:\/\/ideemoto.ee\/product\/0-5l-purgi-sangar\/#primaryimage","url":"https:\/\/ideemoto.ee\/wp-content\/uploads\/2024\/11\/IMG_20241114_183621851.jpg","contentUrl":"https:\/\/ideemoto.ee\/wp-content\/uploads\/2024\/11\/IMG_20241114_183621851.jpg","width":400,"height":400},{"@type":"BreadcrumbList","@id":"https:\/\/ideemoto.ee\/product\/0-5l-purgi-sangar\/#breadcrumb","itemListElement":[{"@type":"ListItem","position":1,"name":"Home","item":"https:\/\/ideemoto.ee\/"},{"@type":"ListItem","position":2,"name":"E-Pood","item":"https:\/\/ideemoto.ee\/e-pood\/"},{"@type":"ListItem","position":3,"name":"0.5L Purgi Sangar"}]},{"@type":"WebSite","@id":"https:\/\/ideemoto.ee\/#website","url":"https:\/\/ideemoto.ee\/","name":"i3digit Printimine","description":"T&auml;psus ja kiirus kolmes m&otilde;&otilde;tmes","publisher":{"@id":"https:\/\/ideemoto.ee\/#organization"},"potentialAction":[{"@type":"SearchAction","target":{"@type":"EntryPoint","urlTemplate":"https:\/\/ideemoto.ee\/?s={search_term_string}"},"query-input":{"@type":"PropertyValueSpecification","valueRequired":true,"valueName":"search_term_string"}}],"inLanguage":"ru-RU"},{"@type":"Organization","@id":"https:\/\/ideemoto.ee\/#organization","name":"i3Digit","url":"https:\/\/ideemoto.ee\/","logo":{"@type":"ImageObject","inLanguage":"ru-RU","@id":"https:\/\/ideemoto.ee\/#\/schema\/logo\/image\/","url":"https:\/\/ideemoto.ee\/wp-content\/uploads\/2024\/11\/Ideemoto_ver_2_DaBlue_Logo_Only_SMALL.png","contentUrl":"https:\/\/ideemoto.ee\/wp-content\/uploads\/2024\/11\/Ideemoto_ver_2_DaBlue_Logo_Only_SMALL.png","width":200,"height":168,"caption":"i3Digit"},"image":{"@id":"https:\/\/ideemoto.ee\/#\/schema\/logo\/image\/"},"sameAs":["https:\/\/www.facebook.com\/Ideeorav\/?locale=fa_IR","https:\/\/www.instagram.com\/i3digit\/"]}]}},"_links":{"self":[{"href":"https:\/\/ideemoto.ee\/ru\/wp-json\/wp\/v2\/product\/1755","targetHints":{"allow":["GET"]}}],"collection":[{"href":"https:\/\/ideemoto.ee\/ru\/wp-json\/wp\/v2\/product"}],"about":[{"href":"https:\/\/ideemoto.ee\/ru\/wp-json\/wp\/v2\/types\/product"}],"wp:featuredmedia":[{"embeddable":true,"href":"https:\/\/ideemoto.ee\/ru\/wp-json\/wp\/v2\/media\/1753"}],"wp:attachment":[{"href":"https:\/\/ideemoto.ee\/ru\/wp-json\/wp\/v2\/media?parent=1755"}],"wp:term":[{"taxonomy":"product_brand","embeddable":true,"href":"https:\/\/ideemoto.ee\/ru\/wp-json\/wp\/v2\/product_brand?post=1755"},{"taxonomy":"product_cat","embeddable":true,"href":"https:\/\/ideemoto.ee\/ru\/wp-json\/wp\/v2\/product_cat?post=1755"},{"taxonomy":"product_tag","embeddable":true,"href":"https:\/\/ideemoto.ee\/ru\/wp-json\/wp\/v2\/product_tag?post=1755"}],"curies":[{"name":"wp","href":"https:\/\/api.w.org\/{rel}","templated":true}]}}